{"id":80,"date":"2025-12-09T10:55:01","date_gmt":"2025-12-09T10:55:01","guid":{"rendered":"https:\/\/www.houseofprojects.de\/wordpress\/?page_id=80"},"modified":"2026-01-28T19:31:51","modified_gmt":"2026-01-28T19:31:51","slug":"alte-herren","status":"publish","type":"page","link":"https:\/\/www.houseofprojects.de\/wordpress\/index.php\/herren\/alte-herren\/","title":{"rendered":"Alte Herren"},"content":{"rendered":"\t\t<div data-elementor-type=\"wp-page\" data-elementor-id=\"80\" class=\"elementor elementor-80\">\n\t\t\t\t<div class=\"elementor-element elementor-element-4fafa882 e-flex e-con-boxed e-con e-parent\" data-id=\"4fafa882\" data-element_type=\"container\" data-e-type=\"container\">\n\t\t\t\t\t<div class=\"e-con-inner\">\n\t\t\t\t<div class=\"elementor-element elementor-element-50876764 elementor-widget elementor-widget-heading\" data-id=\"50876764\" data-element_type=\"widget\" data-e-type=\"widget\" data-widget_type=\"heading.default\">\n\t\t\t\t\t<h2 class=\"elementor-heading-title elementor-size-default\">Alte Herren<\/h2>\t\t\t\t<\/div>\n\t\t\t\t\t<\/div>\n\t\t\t\t<\/div>\n\t\t<div class=\"elementor-element elementor-element-78129b88 e-flex e-con-boxed e-con e-parent\" data-id=\"78129b88\" data-element_type=\"container\" data-e-type=\"container\">\n\t\t\t\t\t<div class=\"e-con-inner\">\n\t\t\t\t<div class=\"elementor-element elementor-element-56dc0028 elementor-widget elementor-widget-image\" data-id=\"56dc0028\" data-element_type=\"widget\" data-e-type=\"widget\" data-widget_type=\"image.default\">\n\t\t\t\t\t\t\t\t\t\t\t\t\t\t\t<img fetchpriority=\"high\" decoding=\"async\" width=\"1024\" height=\"752\" src=\"https:\/\/www.houseofprojects.de\/wordpress\/wp-content\/uploads\/2025\/11\/Alte-Herren-1024x752.jpg\" class=\"attachment-large size-large wp-image-262\" alt=\"\" srcset=\"https:\/\/www.houseofprojects.de\/wordpress\/wp-content\/uploads\/2025\/11\/Alte-Herren-1024x752.jpg 1024w, https:\/\/www.houseofprojects.de\/wordpress\/wp-content\/uploads\/2025\/11\/Alte-Herren-300x220.jpg 300w, https:\/\/www.houseofprojects.de\/wordpress\/wp-content\/uploads\/2025\/11\/Alte-Herren-768x564.jpg 768w, https:\/\/www.houseofprojects.de\/wordpress\/wp-content\/uploads\/2025\/11\/Alte-Herren-1536x1128.jpg 1536w, https:\/\/www.houseofprojects.de\/wordpress\/wp-content\/uploads\/2025\/11\/Alte-Herren.jpg 1600w\" sizes=\"(max-width: 1024px) 100vw, 1024px\" \/>\t\t\t\t\t\t\t\t\t\t\t\t\t\t\t<\/div>\n\t\t\t\t<div class=\"elementor-element elementor-element-7f4b694 elementor-widget elementor-widget-text-editor\" data-id=\"7f4b694\" data-element_type=\"widget\" data-e-type=\"widget\" data-widget_type=\"text-editor.default\">\n\t\t\t\t\t\t\t\t\t<p>Hintere Reihe: Karl Andreas, Kauer Manuel, Petersamer Albert, Leidl Karl, Steinbauer Daniel, Lanzki Johannes, Kastl Matthias<br \/>Vordere Reihe: Seidl Franz, Kronner Markus, Fuchs Mario, Augustin Robert, Kopp Christian, Stadler Roland, Fenzl Marco<\/p>\t\t\t\t\t\t\t\t<\/div>\n\t\t\t\t\t<\/div>\n\t\t\t\t<\/div>\n\t\t<div class=\"elementor-element elementor-element-681e72e e-flex e-con-boxed e-con e-parent\" data-id=\"681e72e\" data-element_type=\"container\" data-e-type=\"container\">\n\t\t\t\t\t<div class=\"e-con-inner\">\n\t\t\t\t<div class=\"elementor-element elementor-element-2b47a94 elementor-widget-divider--view-line elementor-widget elementor-widget-divider\" data-id=\"2b47a94\" data-element_type=\"widget\" data-e-type=\"widget\" data-widget_type=\"divider.default\">\n\t\t\t\t\t\t\t<div class=\"elementor-divider\">\n\t\t\t<span class=\"elementor-divider-separator\">\n\t\t\t\t\t\t<\/span>\n\t\t<\/div>\n\t\t\t\t\t\t<\/div>\n\t\t\t\t\t<\/div>\n\t\t\t\t<\/div>\n\t\t<div class=\"elementor-element elementor-element-6424e6d7 e-flex e-con-boxed e-con e-parent\" data-id=\"6424e6d7\" data-element_type=\"container\" data-e-type=\"container\">\n\t\t\t\t\t<div class=\"e-con-inner\">\n\t\t<div class=\"elementor-element elementor-element-58cf6e0d e-con-full e-flex e-con e-child\" data-id=\"58cf6e0d\" data-element_type=\"container\" data-e-type=\"container\">\n\t\t\t\t<div class=\"elementor-element elementor-element-371a640f elementor-widget elementor-widget-image\" data-id=\"371a640f\" data-element_type=\"widget\" data-e-type=\"widget\" data-widget_type=\"image.default\">\n\t\t\t\t\t\t\t\t\t\t\t\t\t\t\t<img decoding=\"async\" width=\"768\" height=\"1024\" src=\"https:\/\/www.houseofprojects.de\/wordpress\/wp-content\/uploads\/2025\/11\/Seidl-Franz-768x1024.jpg\" class=\"attachment-large size-large wp-image-263\" alt=\"\" srcset=\"https:\/\/www.houseofprojects.de\/wordpress\/wp-content\/uploads\/2025\/11\/Seidl-Franz-768x1024.jpg 768w, https:\/\/www.houseofprojects.de\/wordpress\/wp-content\/uploads\/2025\/11\/Seidl-Franz-225x300.jpg 225w, https:\/\/www.houseofprojects.de\/wordpress\/wp-content\/uploads\/2025\/11\/Seidl-Franz-1152x1536.jpg 1152w, https:\/\/www.houseofprojects.de\/wordpress\/wp-content\/uploads\/2025\/11\/Seidl-Franz-1536x2048.jpg 1536w, https:\/\/www.houseofprojects.de\/wordpress\/wp-content\/uploads\/2025\/11\/Seidl-Franz-scaled.jpg 1920w\" sizes=\"(max-width: 768px) 100vw, 768px\" \/>\t\t\t\t\t\t\t\t\t\t\t\t\t\t\t<\/div>\n\t\t\t\t<div class=\"elementor-element elementor-element-6b9ef0c9 elementor-widget elementor-widget-heading\" data-id=\"6b9ef0c9\" data-element_type=\"widget\" data-e-type=\"widget\" data-widget_type=\"heading.default\">\n\t\t\t\t\t<h5 class=\"elementor-heading-title elementor-size-default\">Seidl Franz<\/h5>\t\t\t\t<\/div>\n\t\t\t\t<div class=\"elementor-element elementor-element-73437b1d elementor-widget elementor-widget-text-editor\" data-id=\"73437b1d\" data-element_type=\"widget\" data-e-type=\"widget\" data-widget_type=\"text-editor.default\">\n\t\t\t\t\t\t\t\t\t<p>AH-Leiter<\/p>\t\t\t\t\t\t\t\t<\/div>\n\t\t\t\t<\/div>\n\t\t<div class=\"elementor-element elementor-element-385613c8 e-con-full e-flex e-con e-child\" data-id=\"385613c8\" data-element_type=\"container\" data-e-type=\"container\">\n\t\t\t\t<\/div>\n\t\t<div class=\"elementor-element elementor-element-de4f8d2 e-con-full e-flex e-con e-child\" data-id=\"de4f8d2\" data-element_type=\"container\" data-e-type=\"container\">\n\t\t\t\t<\/div>\n\t\t<div class=\"elementor-element elementor-element-3f52080 e-con-full e-flex e-con e-child\" data-id=\"3f52080\" data-element_type=\"container\" data-e-type=\"container\">\n\t\t\t\t<\/div>\n\t\t\t\t\t<\/div>\n\t\t\t\t<\/div>\n\t\t<div class=\"elementor-element elementor-element-e302fe2 e-flex e-con-boxed e-con e-parent\" data-id=\"e302fe2\" data-element_type=\"container\" data-e-type=\"container\">\n\t\t\t\t\t<div class=\"e-con-inner\">\n\t\t\t\t<div class=\"elementor-element elementor-element-037fee5 elementor-widget elementor-widget-text-editor\" data-id=\"037fee5\" data-element_type=\"widget\" data-e-type=\"widget\" data-widget_type=\"text-editor.default\">\n\t\t\t\t\t\t\t\t\t<p>Bei den Alten Herren steht Kameradschaftspflege, verbunden mit sportlicher Bet\u00e4tigung, im Vordergrund. Ein regelm\u00e4\u00dfiger Spielbetrieb ist f\u00fcr uns Nebensache.<\/p><div id=\"cc-m-14408970788\" class=\"j-module n j-text \"><p>Unsere AH-Mannschaft trainiert in unregelm\u00e4\u00dfigen Abst\u00e4nden und bestreitet gelegentlich Freundschaftsspiele.\u00a0Hast auch Du Lust wieder zu kicken und mit gleichaltrigen Jungs dem Leder nachzujagen?<\/p><p>Dann melde Dich bei unserem AH-Leiter Seidl Franz unter +49 171 6087241. Er informiert Dich \u00fcber die n\u00e4chsten Trainingszeiten.\u00a0<\/p><\/div>\t\t\t\t\t\t\t\t<\/div>\n\t\t\t\t\t<\/div>\n\t\t\t\t<\/div>\n\t\t\t\t<\/div>\n\t\t","protected":false},"excerpt":{"rendered":"<p>Alte Herren Hintere Reihe: Karl Andreas, Kauer Manuel, Petersamer Albert, Leidl Karl, Steinbauer Daniel, Lanzki Johannes, Kastl MatthiasVordere Reihe: Seidl Franz, Kronner Markus, Fuchs Mario, Augustin Robert, Kopp Christian, Stadler Roland, Fenzl Marco Seidl Franz AH-Leiter Bei den Alten Herren steht Kameradschaftspflege, verbunden mit sportlicher Bet\u00e4tigung, im Vordergrund. Ein regelm\u00e4\u00dfiger Spielbetrieb ist f\u00fcr uns Nebensache.&hellip;&nbsp;<a href=\"https:\/\/www.houseofprojects.de\/wordpress\/index.php\/herren\/alte-herren\/\" rel=\"bookmark\"><span class=\"screen-reader-text\">Alte Herren<\/span><\/a><\/p>\n","protected":false},"author":1,"featured_media":0,"parent":30,"menu_order":2,"comment_status":"closed","ping_status":"closed","template":"page-templates\/template-pagebuilder-full-width.php","meta":{"neve_meta_sidebar":"","neve_meta_container":"","neve_meta_enable_content_width":"","neve_meta_content_width":0,"neve_meta_title_alignment":"","neve_meta_author_avatar":"","neve_post_elements_order":"","neve_meta_disable_header":"","neve_meta_disable_footer":"","neve_meta_disable_title":"","footnotes":""},"class_list":["post-80","page","type-page","status-publish","hentry"],"yoast_head":"<!-- This site is optimized with the Yoast SEO plugin v27.3 - https:\/\/yoast.com\/product\/yoast-seo-wordpress\/ -->\n<title>Alte Herren - SpVgg Patersdorf<\/title>\n<meta name=\"robots\" content=\"index, follow, max-snippet:-1, max-image-preview:large, max-video-preview:-1\" \/>\n<link rel=\"canonical\" href=\"https:\/\/www.houseofprojects.de\/wordpress\/index.php\/herren\/alte-herren\/\" \/>\n<meta property=\"og:locale\" content=\"de_DE\" \/>\n<meta property=\"og:type\" content=\"article\" \/>\n<meta property=\"og:title\" content=\"Alte Herren - SpVgg Patersdorf\" \/>\n<meta property=\"og:description\" content=\"Alte Herren Hintere Reihe: Karl Andreas, Kauer Manuel, Petersamer Albert, Leidl Karl, Steinbauer Daniel, Lanzki Johannes, Kastl MatthiasVordere Reihe: Seidl Franz, Kronner Markus, Fuchs Mario, Augustin Robert, Kopp Christian, Stadler Roland, Fenzl Marco Seidl Franz AH-Leiter Bei den Alten Herren steht Kameradschaftspflege, verbunden mit sportlicher Bet\u00e4tigung, im Vordergrund. Ein regelm\u00e4\u00dfiger Spielbetrieb ist f\u00fcr uns Nebensache.&hellip;&nbsp;Alte Herren\" \/>\n<meta property=\"og:url\" content=\"https:\/\/www.houseofprojects.de\/wordpress\/index.php\/herren\/alte-herren\/\" \/>\n<meta property=\"og:site_name\" content=\"SpVgg Patersdorf\" \/>\n<meta property=\"article:publisher\" content=\"https:\/\/www.facebook.com\/spvggpatersdorf\/\" \/>\n<meta property=\"article:modified_time\" content=\"2026-01-28T19:31:51+00:00\" \/>\n<meta property=\"og:image\" content=\"https:\/\/www.houseofprojects.de\/wordpress\/wp-content\/uploads\/2025\/11\/Alte-Herren.jpg\" \/>\n\t<meta property=\"og:image:width\" content=\"1600\" \/>\n\t<meta property=\"og:image:height\" content=\"1175\" \/>\n\t<meta property=\"og:image:type\" content=\"image\/jpeg\" \/>\n<meta name=\"twitter:card\" content=\"summary_large_image\" \/>\n<meta name=\"twitter:label1\" content=\"Gesch\u00e4tzte Lesezeit\" \/>\n\t<meta name=\"twitter:data1\" content=\"1\u00a0Minute\" \/>\n<script type=\"application\/ld+json\" class=\"yoast-schema-graph\">{\"@context\":\"https:\\\/\\\/schema.org\",\"@graph\":[{\"@type\":\"WebPage\",\"@id\":\"https:\\\/\\\/www.houseofprojects.de\\\/wordpress\\\/index.php\\\/herren\\\/alte-herren\\\/\",\"url\":\"https:\\\/\\\/www.houseofprojects.de\\\/wordpress\\\/index.php\\\/herren\\\/alte-herren\\\/\",\"name\":\"Alte Herren - SpVgg Patersdorf\",\"isPartOf\":{\"@id\":\"https:\\\/\\\/www.houseofprojects.de\\\/wordpress\\\/#website\"},\"primaryImageOfPage\":{\"@id\":\"https:\\\/\\\/www.houseofprojects.de\\\/wordpress\\\/index.php\\\/herren\\\/alte-herren\\\/#primaryimage\"},\"image\":{\"@id\":\"https:\\\/\\\/www.houseofprojects.de\\\/wordpress\\\/index.php\\\/herren\\\/alte-herren\\\/#primaryimage\"},\"thumbnailUrl\":\"https:\\\/\\\/www.houseofprojects.de\\\/wordpress\\\/wp-content\\\/uploads\\\/2025\\\/11\\\/Alte-Herren-1024x752.jpg\",\"datePublished\":\"2025-12-09T10:55:01+00:00\",\"dateModified\":\"2026-01-28T19:31:51+00:00\",\"breadcrumb\":{\"@id\":\"https:\\\/\\\/www.houseofprojects.de\\\/wordpress\\\/index.php\\\/herren\\\/alte-herren\\\/#breadcrumb\"},\"inLanguage\":\"de\",\"potentialAction\":[{\"@type\":\"ReadAction\",\"target\":[\"https:\\\/\\\/www.houseofprojects.de\\\/wordpress\\\/index.php\\\/herren\\\/alte-herren\\\/\"]}]},{\"@type\":\"ImageObject\",\"inLanguage\":\"de\",\"@id\":\"https:\\\/\\\/www.houseofprojects.de\\\/wordpress\\\/index.php\\\/herren\\\/alte-herren\\\/#primaryimage\",\"url\":\"https:\\\/\\\/www.houseofprojects.de\\\/wordpress\\\/wp-content\\\/uploads\\\/2025\\\/11\\\/Alte-Herren.jpg\",\"contentUrl\":\"https:\\\/\\\/www.houseofprojects.de\\\/wordpress\\\/wp-content\\\/uploads\\\/2025\\\/11\\\/Alte-Herren.jpg\",\"width\":1600,\"height\":1175},{\"@type\":\"BreadcrumbList\",\"@id\":\"https:\\\/\\\/www.houseofprojects.de\\\/wordpress\\\/index.php\\\/herren\\\/alte-herren\\\/#breadcrumb\",\"itemListElement\":[{\"@type\":\"ListItem\",\"position\":1,\"name\":\"Startseite\",\"item\":\"https:\\\/\\\/www.houseofprojects.de\\\/wordpress\\\/\"},{\"@type\":\"ListItem\",\"position\":2,\"name\":\"Herren\",\"item\":\"https:\\\/\\\/www.houseofprojects.de\\\/wordpress\\\/index.php\\\/herren\\\/\"},{\"@type\":\"ListItem\",\"position\":3,\"name\":\"Alte Herren\"}]},{\"@type\":\"WebSite\",\"@id\":\"https:\\\/\\\/www.houseofprojects.de\\\/wordpress\\\/#website\",\"url\":\"https:\\\/\\\/www.houseofprojects.de\\\/wordpress\\\/\",\"name\":\"SpVgg Patersdorf\",\"description\":\"Freundschaft. Zusammenhalt. Akzeptanz der Jugend. \",\"publisher\":{\"@id\":\"https:\\\/\\\/www.houseofprojects.de\\\/wordpress\\\/#organization\"},\"potentialAction\":[{\"@type\":\"SearchAction\",\"target\":{\"@type\":\"EntryPoint\",\"urlTemplate\":\"https:\\\/\\\/www.houseofprojects.de\\\/wordpress\\\/?s={search_term_string}\"},\"query-input\":{\"@type\":\"PropertyValueSpecification\",\"valueRequired\":true,\"valueName\":\"search_term_string\"}}],\"inLanguage\":\"de\"},{\"@type\":\"Organization\",\"@id\":\"https:\\\/\\\/www.houseofprojects.de\\\/wordpress\\\/#organization\",\"name\":\"SpVgg Patersdorf\",\"url\":\"https:\\\/\\\/www.houseofprojects.de\\\/wordpress\\\/\",\"logo\":{\"@type\":\"ImageObject\",\"inLanguage\":\"de\",\"@id\":\"https:\\\/\\\/www.houseofprojects.de\\\/wordpress\\\/#\\\/schema\\\/logo\\\/image\\\/\",\"url\":\"https:\\\/\\\/www.houseofprojects.de\\\/wordpress\\\/wp-content\\\/uploads\\\/2025\\\/11\\\/Logo_rot_ball_schwarz_transparent-3.png\",\"contentUrl\":\"https:\\\/\\\/www.houseofprojects.de\\\/wordpress\\\/wp-content\\\/uploads\\\/2025\\\/11\\\/Logo_rot_ball_schwarz_transparent-3.png\",\"width\":1200,\"height\":1600,\"caption\":\"SpVgg Patersdorf\"},\"image\":{\"@id\":\"https:\\\/\\\/www.houseofprojects.de\\\/wordpress\\\/#\\\/schema\\\/logo\\\/image\\\/\"},\"sameAs\":[\"https:\\\/\\\/www.facebook.com\\\/spvggpatersdorf\\\/\",\"https:\\\/\\\/www.instagram.com\\\/spvggpatersdorf\\\/\"]}]}<\/script>\n<!-- \/ Yoast SEO plugin. -->","yoast_head_json":{"title":"Alte Herren - SpVgg Patersdorf","robots":{"index":"index","follow":"follow","max-snippet":"max-snippet:-1","max-image-preview":"max-image-preview:large","max-video-preview":"max-video-preview:-1"},"canonical":"https:\/\/www.houseofprojects.de\/wordpress\/index.php\/herren\/alte-herren\/","og_locale":"de_DE","og_type":"article","og_title":"Alte Herren - SpVgg Patersdorf","og_description":"Alte Herren Hintere Reihe: Karl Andreas, Kauer Manuel, Petersamer Albert, Leidl Karl, Steinbauer Daniel, Lanzki Johannes, Kastl MatthiasVordere Reihe: Seidl Franz, Kronner Markus, Fuchs Mario, Augustin Robert, Kopp Christian, Stadler Roland, Fenzl Marco Seidl Franz AH-Leiter Bei den Alten Herren steht Kameradschaftspflege, verbunden mit sportlicher Bet\u00e4tigung, im Vordergrund. Ein regelm\u00e4\u00dfiger Spielbetrieb ist f\u00fcr uns Nebensache.&hellip;&nbsp;Alte Herren","og_url":"https:\/\/www.houseofprojects.de\/wordpress\/index.php\/herren\/alte-herren\/","og_site_name":"SpVgg Patersdorf","article_publisher":"https:\/\/www.facebook.com\/spvggpatersdorf\/","article_modified_time":"2026-01-28T19:31:51+00:00","og_image":[{"width":1600,"height":1175,"url":"https:\/\/www.houseofprojects.de\/wordpress\/wp-content\/uploads\/2025\/11\/Alte-Herren.jpg","type":"image\/jpeg"}],"twitter_card":"summary_large_image","twitter_misc":{"Gesch\u00e4tzte Lesezeit":"1\u00a0Minute"},"schema":{"@context":"https:\/\/schema.org","@graph":[{"@type":"WebPage","@id":"https:\/\/www.houseofprojects.de\/wordpress\/index.php\/herren\/alte-herren\/","url":"https:\/\/www.houseofprojects.de\/wordpress\/index.php\/herren\/alte-herren\/","name":"Alte Herren - SpVgg Patersdorf","isPartOf":{"@id":"https:\/\/www.houseofprojects.de\/wordpress\/#website"},"primaryImageOfPage":{"@id":"https:\/\/www.houseofprojects.de\/wordpress\/index.php\/herren\/alte-herren\/#primaryimage"},"image":{"@id":"https:\/\/www.houseofprojects.de\/wordpress\/index.php\/herren\/alte-herren\/#primaryimage"},"thumbnailUrl":"https:\/\/www.houseofprojects.de\/wordpress\/wp-content\/uploads\/2025\/11\/Alte-Herren-1024x752.jpg","datePublished":"2025-12-09T10:55:01+00:00","dateModified":"2026-01-28T19:31:51+00:00","breadcrumb":{"@id":"https:\/\/www.houseofprojects.de\/wordpress\/index.php\/herren\/alte-herren\/#breadcrumb"},"inLanguage":"de","potentialAction":[{"@type":"ReadAction","target":["https:\/\/www.houseofprojects.de\/wordpress\/index.php\/herren\/alte-herren\/"]}]},{"@type":"ImageObject","inLanguage":"de","@id":"https:\/\/www.houseofprojects.de\/wordpress\/index.php\/herren\/alte-herren\/#primaryimage","url":"https:\/\/www.houseofprojects.de\/wordpress\/wp-content\/uploads\/2025\/11\/Alte-Herren.jpg","contentUrl":"https:\/\/www.houseofprojects.de\/wordpress\/wp-content\/uploads\/2025\/11\/Alte-Herren.jpg","width":1600,"height":1175},{"@type":"BreadcrumbList","@id":"https:\/\/www.houseofprojects.de\/wordpress\/index.php\/herren\/alte-herren\/#breadcrumb","itemListElement":[{"@type":"ListItem","position":1,"name":"Startseite","item":"https:\/\/www.houseofprojects.de\/wordpress\/"},{"@type":"ListItem","position":2,"name":"Herren","item":"https:\/\/www.houseofprojects.de\/wordpress\/index.php\/herren\/"},{"@type":"ListItem","position":3,"name":"Alte Herren"}]},{"@type":"WebSite","@id":"https:\/\/www.houseofprojects.de\/wordpress\/#website","url":"https:\/\/www.houseofprojects.de\/wordpress\/","name":"SpVgg Patersdorf","description":"Freundschaft. Zusammenhalt. Akzeptanz der Jugend. ","publisher":{"@id":"https:\/\/www.houseofprojects.de\/wordpress\/#organization"},"potentialAction":[{"@type":"SearchAction","target":{"@type":"EntryPoint","urlTemplate":"https:\/\/www.houseofprojects.de\/wordpress\/?s={search_term_string}"},"query-input":{"@type":"PropertyValueSpecification","valueRequired":true,"valueName":"search_term_string"}}],"inLanguage":"de"},{"@type":"Organization","@id":"https:\/\/www.houseofprojects.de\/wordpress\/#organization","name":"SpVgg Patersdorf","url":"https:\/\/www.houseofprojects.de\/wordpress\/","logo":{"@type":"ImageObject","inLanguage":"de","@id":"https:\/\/www.houseofprojects.de\/wordpress\/#\/schema\/logo\/image\/","url":"https:\/\/www.houseofprojects.de\/wordpress\/wp-content\/uploads\/2025\/11\/Logo_rot_ball_schwarz_transparent-3.png","contentUrl":"https:\/\/www.houseofprojects.de\/wordpress\/wp-content\/uploads\/2025\/11\/Logo_rot_ball_schwarz_transparent-3.png","width":1200,"height":1600,"caption":"SpVgg Patersdorf"},"image":{"@id":"https:\/\/www.houseofprojects.de\/wordpress\/#\/schema\/logo\/image\/"},"sameAs":["https:\/\/www.facebook.com\/spvggpatersdorf\/","https:\/\/www.instagram.com\/spvggpatersdorf\/"]}]}},"_links":{"self":[{"href":"https:\/\/www.houseofprojects.de\/wordpress\/index.php\/wp-json\/wp\/v2\/pages\/80","targetHints":{"allow":["GET"]}}],"collection":[{"href":"https:\/\/www.houseofprojects.de\/wordpress\/index.php\/wp-json\/wp\/v2\/pages"}],"about":[{"href":"https:\/\/www.houseofprojects.de\/wordpress\/index.php\/wp-json\/wp\/v2\/types\/page"}],"author":[{"embeddable":true,"href":"https:\/\/www.houseofprojects.de\/wordpress\/index.php\/wp-json\/wp\/v2\/users\/1"}],"replies":[{"embeddable":true,"href":"https:\/\/www.houseofprojects.de\/wordpress\/index.php\/wp-json\/wp\/v2\/comments?post=80"}],"version-history":[{"count":34,"href":"https:\/\/www.houseofprojects.de\/wordpress\/index.php\/wp-json\/wp\/v2\/pages\/80\/revisions"}],"predecessor-version":[{"id":968,"href":"https:\/\/www.houseofprojects.de\/wordpress\/index.php\/wp-json\/wp\/v2\/pages\/80\/revisions\/968"}],"up":[{"embeddable":true,"href":"https:\/\/www.houseofprojects.de\/wordpress\/index.php\/wp-json\/wp\/v2\/pages\/30"}],"wp:attachment":[{"href":"https:\/\/www.houseofprojects.de\/wordpress\/index.php\/wp-json\/wp\/v2\/media?parent=80"}],"curies":[{"name":"wp","href":"https:\/\/api.w.org\/{rel}","templated":true}]}}