{"id":36,"date":"2025-12-09T10:55:01","date_gmt":"2025-12-09T10:55:01","guid":{"rendered":"https:\/\/www.houseofprojects.de\/wordpress\/?page_id=36"},"modified":"2026-03-12T15:31:14","modified_gmt":"2026-03-12T15:31:14","slug":"jugend","status":"publish","type":"page","link":"https:\/\/www.houseofprojects.de\/wordpress\/index.php\/jugend\/","title":{"rendered":"Jugend"},"content":{"rendered":"\t\t<div data-elementor-type=\"wp-page\" data-elementor-id=\"36\" class=\"elementor elementor-36\">\n\t\t\t\t<div class=\"elementor-element elementor-element-15f2bb99 e-flex e-con-boxed e-con e-parent\" data-id=\"15f2bb99\" data-element_type=\"container\" data-e-type=\"container\">\n\t\t\t\t\t<div class=\"e-con-inner\">\n\t\t\t\t<div class=\"elementor-element elementor-element-192a9a8e elementor-widget elementor-widget-heading\" data-id=\"192a9a8e\" data-element_type=\"widget\" data-e-type=\"widget\" data-widget_type=\"heading.default\">\n\t\t\t\t\t<h2 class=\"elementor-heading-title elementor-size-default\">Jugend<\/h2>\t\t\t\t<\/div>\n\t\t\t\t\t<\/div>\n\t\t\t\t<\/div>\n\t\t<div class=\"elementor-element elementor-element-4ebe885a e-flex e-con-boxed e-con e-parent\" data-id=\"4ebe885a\" data-element_type=\"container\" data-e-type=\"container\">\n\t\t\t\t\t<div class=\"e-con-inner\">\n\t\t\t\t<div class=\"elementor-element elementor-element-675033bc elementor-widget elementor-widget-text-editor\" data-id=\"675033bc\" data-element_type=\"widget\" data-e-type=\"widget\" data-widget_type=\"text-editor.default\">\n\t\t\t\t\t\t\t\t\t<p>Der Jugendfu\u00dfball ist das Herzst\u00fcck der SpVgg Patersdorf. Er sichert Zusammenhalt, Teamgeist und die langfristige Zukunft der Spielvereinigung. Besondere Bedeutung hat f\u00fcr uns, dass alle Kinder \u2014 unabh\u00e4ngig von Gr\u00f6\u00dfe, St\u00e4rke oder Talent \u2014 mitspielen d\u00fcrfen und niemand ausgegrenzt wird.<\/p><p>Der Verein legt gro\u00dfen Wert auf eine starke, vereinsinterne Nachwuchsarbeit, weshalb heute alle Jugendtrainerstellen aus den eigenen Reihen besetzt werden. Der Zulauf von \u00fcber 100 Kindern in den zur\u00fcckliegenden Jahren best\u00e4tigt unseren Weg.<\/p><p>Unser attraktiver und zugleich nachhaltiger Ansatz: Die Kinder sollen Freude haben, sich zu entwickeln und in einem positiven Umfeld gro\u00df zu werden.<\/p>\t\t\t\t\t\t\t\t<\/div>\n\t\t\t\t<div class=\"elementor-element elementor-element-fd41c29 elementor-widget-divider--view-line elementor-widget elementor-widget-divider\" data-id=\"fd41c29\" data-element_type=\"widget\" data-e-type=\"widget\" data-widget_type=\"divider.default\">\n\t\t\t\t\t\t\t<div class=\"elementor-divider\">\n\t\t\t<span class=\"elementor-divider-separator\">\n\t\t\t\t\t\t<\/span>\n\t\t<\/div>\n\t\t\t\t\t\t<\/div>\n\t\t\t\t\t<\/div>\n\t\t\t\t<\/div>\n\t\t<div class=\"elementor-element elementor-element-7bc489fa e-flex e-con-boxed e-con e-parent\" data-id=\"7bc489fa\" data-element_type=\"container\" data-e-type=\"container\">\n\t\t\t\t\t<div class=\"e-con-inner\">\n\t\t\t\t<div class=\"elementor-element elementor-element-5147c935 elementor-widget elementor-widget-heading\" data-id=\"5147c935\" data-element_type=\"widget\" data-e-type=\"widget\" data-widget_type=\"heading.default\">\n\t\t\t\t\t<h2 class=\"elementor-heading-title elementor-size-default\">Jugendleitung<\/h2>\t\t\t\t<\/div>\n\t\t\t\t\t<\/div>\n\t\t\t\t<\/div>\n\t\t<div class=\"elementor-element elementor-element-70c6260 e-flex e-con-boxed e-con e-parent\" data-id=\"70c6260\" data-element_type=\"container\" data-e-type=\"container\">\n\t\t\t\t\t<div class=\"e-con-inner\">\n\t\t<div class=\"elementor-element elementor-element-6798580c e-con-full e-flex e-con e-child\" data-id=\"6798580c\" data-element_type=\"container\" data-e-type=\"container\">\n\t\t\t\t<div class=\"elementor-element elementor-element-6762ebc7 elementor-widget elementor-widget-image\" data-id=\"6762ebc7\" data-element_type=\"widget\" data-e-type=\"widget\" data-widget_type=\"image.default\">\n\t\t\t\t\t\t\t\t\t\t\t\t\t\t\t<img fetchpriority=\"high\" decoding=\"async\" width=\"768\" height=\"1024\" src=\"https:\/\/www.houseofprojects.de\/wordpress\/wp-content\/uploads\/2025\/11\/Schmidt-Thomas-768x1024.jpg\" class=\"attachment-large size-large wp-image-306\" alt=\"\" srcset=\"https:\/\/www.houseofprojects.de\/wordpress\/wp-content\/uploads\/2025\/11\/Schmidt-Thomas-768x1024.jpg 768w, https:\/\/www.houseofprojects.de\/wordpress\/wp-content\/uploads\/2025\/11\/Schmidt-Thomas-225x300.jpg 225w, https:\/\/www.houseofprojects.de\/wordpress\/wp-content\/uploads\/2025\/11\/Schmidt-Thomas.jpg 1124w\" sizes=\"(max-width: 768px) 100vw, 768px\" \/>\t\t\t\t\t\t\t\t\t\t\t\t\t\t\t<\/div>\n\t\t\t\t<div class=\"elementor-element elementor-element-42145202 elementor-widget elementor-widget-heading\" data-id=\"42145202\" data-element_type=\"widget\" data-e-type=\"widget\" data-widget_type=\"heading.default\">\n\t\t\t\t\t<h5 class=\"elementor-heading-title elementor-size-default\">Thomas Schmidt<\/h5>\t\t\t\t<\/div>\n\t\t\t\t<\/div>\n\t\t<div class=\"elementor-element elementor-element-1b1e52c9 e-con-full e-flex e-con e-child\" data-id=\"1b1e52c9\" data-element_type=\"container\" data-e-type=\"container\">\n\t\t\t\t<div class=\"elementor-element elementor-element-4552367a elementor-widget elementor-widget-image\" data-id=\"4552367a\" data-element_type=\"widget\" data-e-type=\"widget\" data-widget_type=\"image.default\">\n\t\t\t\t\t\t\t\t\t\t\t\t\t\t\t<img decoding=\"async\" width=\"768\" height=\"1024\" src=\"https:\/\/www.houseofprojects.de\/wordpress\/wp-content\/uploads\/2025\/11\/Seidl-Michael-768x1024.jpg\" class=\"attachment-large size-large wp-image-307\" alt=\"\" srcset=\"https:\/\/www.houseofprojects.de\/wordpress\/wp-content\/uploads\/2025\/11\/Seidl-Michael-768x1024.jpg 768w, https:\/\/www.houseofprojects.de\/wordpress\/wp-content\/uploads\/2025\/11\/Seidl-Michael-225x300.jpg 225w, https:\/\/www.houseofprojects.de\/wordpress\/wp-content\/uploads\/2025\/11\/Seidl-Michael-1152x1536.jpg 1152w, https:\/\/www.houseofprojects.de\/wordpress\/wp-content\/uploads\/2025\/11\/Seidl-Michael-1536x2048.jpg 1536w, https:\/\/www.houseofprojects.de\/wordpress\/wp-content\/uploads\/2025\/11\/Seidl-Michael-scaled.jpg 1920w\" sizes=\"(max-width: 768px) 100vw, 768px\" \/>\t\t\t\t\t\t\t\t\t\t\t\t\t\t\t<\/div>\n\t\t\t\t<div class=\"elementor-element elementor-element-66ce40be elementor-widget elementor-widget-heading\" data-id=\"66ce40be\" data-element_type=\"widget\" data-e-type=\"widget\" data-widget_type=\"heading.default\">\n\t\t\t\t\t<h5 class=\"elementor-heading-title elementor-size-default\">Michael Seidl<\/h5>\t\t\t\t<\/div>\n\t\t\t\t<\/div>\n\t\t<div class=\"elementor-element elementor-element-614e775f e-con-full e-flex e-con e-child\" data-id=\"614e775f\" data-element_type=\"container\" data-e-type=\"container\">\n\t\t\t\t<\/div>\n\t\t<div class=\"elementor-element elementor-element-2f4ea3c7 e-con-full e-flex e-con e-child\" data-id=\"2f4ea3c7\" data-element_type=\"container\" data-e-type=\"container\">\n\t\t\t\t<\/div>\n\t\t\t\t\t<\/div>\n\t\t\t\t<\/div>\n\t\t<div class=\"elementor-element elementor-element-37995e3 e-flex e-con-boxed e-con e-parent\" data-id=\"37995e3\" data-element_type=\"container\" data-e-type=\"container\">\n\t\t\t\t\t<div class=\"e-con-inner\">\n\t\t\t\t<div class=\"elementor-element elementor-element-d8bcafc elementor-widget elementor-widget-heading\" data-id=\"d8bcafc\" data-element_type=\"widget\" data-e-type=\"widget\" data-widget_type=\"heading.default\">\n\t\t\t\t\t<h2 class=\"elementor-heading-title elementor-size-default\">Jugendtrainerteam<\/h2>\t\t\t\t<\/div>\n\t\t\t\t<div class=\"elementor-element elementor-element-00a2f69 elementor-widget elementor-widget-image\" data-id=\"00a2f69\" data-element_type=\"widget\" data-e-type=\"widget\" data-widget_type=\"image.default\">\n\t\t\t\t\t\t\t\t\t\t\t\t\t\t\t<img decoding=\"async\" width=\"1000\" height=\"750\" src=\"https:\/\/www.houseofprojects.de\/wordpress\/wp-content\/uploads\/2026\/03\/2026-Jugendtrainer_2.jpg\" class=\"attachment-large size-large wp-image-986\" alt=\"\" srcset=\"https:\/\/www.houseofprojects.de\/wordpress\/wp-content\/uploads\/2026\/03\/2026-Jugendtrainer_2.jpg 1000w, https:\/\/www.houseofprojects.de\/wordpress\/wp-content\/uploads\/2026\/03\/2026-Jugendtrainer_2-300x225.jpg 300w, https:\/\/www.houseofprojects.de\/wordpress\/wp-content\/uploads\/2026\/03\/2026-Jugendtrainer_2-768x576.jpg 768w\" sizes=\"(max-width: 1000px) 100vw, 1000px\" \/>\t\t\t\t\t\t\t\t\t\t\t\t\t\t\t<\/div>\n\t\t\t\t<div class=\"elementor-element elementor-element-e35b192 elementor-widget elementor-widget-text-editor\" data-id=\"e35b192\" data-element_type=\"widget\" data-e-type=\"widget\" data-widget_type=\"text-editor.default\">\n\t\t\t\t\t\t\t\t\t<p>Hintere Reihe von links nach rechts: Michael Seidl (Jugendleiter), Daniel Schmelmer (F-Jugend), Mario Fuchs (G-Jugend), Tobias Egginger (G-Jugend), Helmut Moosm\u00fcller (A-Jugend), Karl-Heinz Karl (E-Jugend), Karl Augustin (Torwarttrainer), Thomas Holzbauer (C-Jugend), Robert Augustin (D1-Jugend), Trainer ausgeschieden, Walter S\u00fc\u00df (C-Jugend), Daniela Schmidt (E-Jugend), Oliver Wirth (D2-Jugend), Thomas Schmidt (D1-Jugend, Jugendleiter), Michael Zisselsberger (F-Jugend)<br \/>Vordere Reihe von links nach rechts: Christian Raster (F-Jugend), Lena Wittenzellner (F-Jugend)<\/p>\t\t\t\t\t\t\t\t<\/div>\n\t\t\t\t\t<\/div>\n\t\t\t\t<\/div>\n\t\t\t\t<\/div>\n\t\t","protected":false},"excerpt":{"rendered":"<p>Jugend Der Jugendfu\u00dfball ist das Herzst\u00fcck der SpVgg Patersdorf. Er sichert Zusammenhalt, Teamgeist und die langfristige Zukunft der Spielvereinigung. Besondere Bedeutung hat f\u00fcr uns, dass alle Kinder \u2014 unabh\u00e4ngig von Gr\u00f6\u00dfe, St\u00e4rke oder Talent \u2014 mitspielen d\u00fcrfen und niemand ausgegrenzt wird. Der Verein legt gro\u00dfen Wert auf eine starke, vereinsinterne Nachwuchsarbeit, weshalb heute alle Jugendtrainerstellen&hellip;&nbsp;<a href=\"https:\/\/www.houseofprojects.de\/wordpress\/index.php\/jugend\/\" rel=\"bookmark\"><span class=\"screen-reader-text\">Jugend<\/span><\/a><\/p>\n","protected":false},"author":1,"featured_media":0,"parent":0,"menu_order":2,"comment_status":"closed","ping_status":"closed","template":"page-templates\/template-pagebuilder-full-width.php","meta":{"neve_meta_sidebar":"","neve_meta_container":"","neve_meta_enable_content_width":"","neve_meta_content_width":0,"neve_meta_title_alignment":"","neve_meta_author_avatar":"","neve_post_elements_order":"","neve_meta_disable_header":"","neve_meta_disable_footer":"","neve_meta_disable_title":"","footnotes":""},"class_list":["post-36","page","type-page","status-publish","hentry"],"yoast_head":"<!-- This site is optimized with the Yoast SEO plugin v27.3 - https:\/\/yoast.com\/product\/yoast-seo-wordpress\/ -->\n<title>Jugend - SpVgg Patersdorf<\/title>\n<meta name=\"robots\" content=\"index, follow, max-snippet:-1, max-image-preview:large, max-video-preview:-1\" \/>\n<link rel=\"canonical\" href=\"https:\/\/www.houseofprojects.de\/wordpress\/index.php\/jugend\/\" \/>\n<meta property=\"og:locale\" content=\"de_DE\" \/>\n<meta property=\"og:type\" content=\"article\" \/>\n<meta property=\"og:title\" content=\"Jugend - SpVgg Patersdorf\" \/>\n<meta property=\"og:description\" content=\"Jugend Der Jugendfu\u00dfball ist das Herzst\u00fcck der SpVgg Patersdorf. Er sichert Zusammenhalt, Teamgeist und die langfristige Zukunft der Spielvereinigung. Besondere Bedeutung hat f\u00fcr uns, dass alle Kinder \u2014 unabh\u00e4ngig von Gr\u00f6\u00dfe, St\u00e4rke oder Talent \u2014 mitspielen d\u00fcrfen und niemand ausgegrenzt wird. Der Verein legt gro\u00dfen Wert auf eine starke, vereinsinterne Nachwuchsarbeit, weshalb heute alle Jugendtrainerstellen&hellip;&nbsp;Jugend\" \/>\n<meta property=\"og:url\" content=\"https:\/\/www.houseofprojects.de\/wordpress\/index.php\/jugend\/\" \/>\n<meta property=\"og:site_name\" content=\"SpVgg Patersdorf\" \/>\n<meta property=\"article:publisher\" content=\"https:\/\/www.facebook.com\/spvggpatersdorf\/\" \/>\n<meta property=\"article:modified_time\" content=\"2026-03-12T15:31:14+00:00\" \/>\n<meta property=\"og:image\" content=\"https:\/\/www.houseofprojects.de\/wordpress\/wp-content\/uploads\/2025\/11\/Schmidt-Thomas.jpg\" \/>\n\t<meta property=\"og:image:width\" content=\"1124\" \/>\n\t<meta property=\"og:image:height\" content=\"1499\" \/>\n\t<meta property=\"og:image:type\" content=\"image\/jpeg\" \/>\n<meta name=\"twitter:card\" content=\"summary_large_image\" \/>\n<meta name=\"twitter:label1\" content=\"Gesch\u00e4tzte Lesezeit\" \/>\n\t<meta name=\"twitter:data1\" content=\"1\u00a0Minute\" \/>\n<script type=\"application\/ld+json\" class=\"yoast-schema-graph\">{\"@context\":\"https:\\\/\\\/schema.org\",\"@graph\":[{\"@type\":\"WebPage\",\"@id\":\"https:\\\/\\\/www.houseofprojects.de\\\/wordpress\\\/index.php\\\/jugend\\\/\",\"url\":\"https:\\\/\\\/www.houseofprojects.de\\\/wordpress\\\/index.php\\\/jugend\\\/\",\"name\":\"Jugend - SpVgg Patersdorf\",\"isPartOf\":{\"@id\":\"https:\\\/\\\/www.houseofprojects.de\\\/wordpress\\\/#website\"},\"primaryImageOfPage\":{\"@id\":\"https:\\\/\\\/www.houseofprojects.de\\\/wordpress\\\/index.php\\\/jugend\\\/#primaryimage\"},\"image\":{\"@id\":\"https:\\\/\\\/www.houseofprojects.de\\\/wordpress\\\/index.php\\\/jugend\\\/#primaryimage\"},\"thumbnailUrl\":\"https:\\\/\\\/www.houseofprojects.de\\\/wordpress\\\/wp-content\\\/uploads\\\/2025\\\/11\\\/Schmidt-Thomas-768x1024.jpg\",\"datePublished\":\"2025-12-09T10:55:01+00:00\",\"dateModified\":\"2026-03-12T15:31:14+00:00\",\"breadcrumb\":{\"@id\":\"https:\\\/\\\/www.houseofprojects.de\\\/wordpress\\\/index.php\\\/jugend\\\/#breadcrumb\"},\"inLanguage\":\"de\",\"potentialAction\":[{\"@type\":\"ReadAction\",\"target\":[\"https:\\\/\\\/www.houseofprojects.de\\\/wordpress\\\/index.php\\\/jugend\\\/\"]}]},{\"@type\":\"ImageObject\",\"inLanguage\":\"de\",\"@id\":\"https:\\\/\\\/www.houseofprojects.de\\\/wordpress\\\/index.php\\\/jugend\\\/#primaryimage\",\"url\":\"https:\\\/\\\/www.houseofprojects.de\\\/wordpress\\\/wp-content\\\/uploads\\\/2025\\\/11\\\/Schmidt-Thomas.jpg\",\"contentUrl\":\"https:\\\/\\\/www.houseofprojects.de\\\/wordpress\\\/wp-content\\\/uploads\\\/2025\\\/11\\\/Schmidt-Thomas.jpg\",\"width\":1124,\"height\":1499},{\"@type\":\"BreadcrumbList\",\"@id\":\"https:\\\/\\\/www.houseofprojects.de\\\/wordpress\\\/index.php\\\/jugend\\\/#breadcrumb\",\"itemListElement\":[{\"@type\":\"ListItem\",\"position\":1,\"name\":\"Startseite\",\"item\":\"https:\\\/\\\/www.houseofprojects.de\\\/wordpress\\\/\"},{\"@type\":\"ListItem\",\"position\":2,\"name\":\"Jugend\"}]},{\"@type\":\"WebSite\",\"@id\":\"https:\\\/\\\/www.houseofprojects.de\\\/wordpress\\\/#website\",\"url\":\"https:\\\/\\\/www.houseofprojects.de\\\/wordpress\\\/\",\"name\":\"SpVgg Patersdorf\",\"description\":\"Freundschaft. Zusammenhalt. Akzeptanz der Jugend. \",\"publisher\":{\"@id\":\"https:\\\/\\\/www.houseofprojects.de\\\/wordpress\\\/#organization\"},\"potentialAction\":[{\"@type\":\"SearchAction\",\"target\":{\"@type\":\"EntryPoint\",\"urlTemplate\":\"https:\\\/\\\/www.houseofprojects.de\\\/wordpress\\\/?s={search_term_string}\"},\"query-input\":{\"@type\":\"PropertyValueSpecification\",\"valueRequired\":true,\"valueName\":\"search_term_string\"}}],\"inLanguage\":\"de\"},{\"@type\":\"Organization\",\"@id\":\"https:\\\/\\\/www.houseofprojects.de\\\/wordpress\\\/#organization\",\"name\":\"SpVgg Patersdorf\",\"url\":\"https:\\\/\\\/www.houseofprojects.de\\\/wordpress\\\/\",\"logo\":{\"@type\":\"ImageObject\",\"inLanguage\":\"de\",\"@id\":\"https:\\\/\\\/www.houseofprojects.de\\\/wordpress\\\/#\\\/schema\\\/logo\\\/image\\\/\",\"url\":\"https:\\\/\\\/www.houseofprojects.de\\\/wordpress\\\/wp-content\\\/uploads\\\/2025\\\/11\\\/Logo_rot_ball_schwarz_transparent-3.png\",\"contentUrl\":\"https:\\\/\\\/www.houseofprojects.de\\\/wordpress\\\/wp-content\\\/uploads\\\/2025\\\/11\\\/Logo_rot_ball_schwarz_transparent-3.png\",\"width\":1200,\"height\":1600,\"caption\":\"SpVgg Patersdorf\"},\"image\":{\"@id\":\"https:\\\/\\\/www.houseofprojects.de\\\/wordpress\\\/#\\\/schema\\\/logo\\\/image\\\/\"},\"sameAs\":[\"https:\\\/\\\/www.facebook.com\\\/spvggpatersdorf\\\/\",\"https:\\\/\\\/www.instagram.com\\\/spvggpatersdorf\\\/\"]}]}<\/script>\n<!-- \/ Yoast SEO plugin. -->","yoast_head_json":{"title":"Jugend - SpVgg Patersdorf","robots":{"index":"index","follow":"follow","max-snippet":"max-snippet:-1","max-image-preview":"max-image-preview:large","max-video-preview":"max-video-preview:-1"},"canonical":"https:\/\/www.houseofprojects.de\/wordpress\/index.php\/jugend\/","og_locale":"de_DE","og_type":"article","og_title":"Jugend - SpVgg Patersdorf","og_description":"Jugend Der Jugendfu\u00dfball ist das Herzst\u00fcck der SpVgg Patersdorf. Er sichert Zusammenhalt, Teamgeist und die langfristige Zukunft der Spielvereinigung. Besondere Bedeutung hat f\u00fcr uns, dass alle Kinder \u2014 unabh\u00e4ngig von Gr\u00f6\u00dfe, St\u00e4rke oder Talent \u2014 mitspielen d\u00fcrfen und niemand ausgegrenzt wird. Der Verein legt gro\u00dfen Wert auf eine starke, vereinsinterne Nachwuchsarbeit, weshalb heute alle Jugendtrainerstellen&hellip;&nbsp;Jugend","og_url":"https:\/\/www.houseofprojects.de\/wordpress\/index.php\/jugend\/","og_site_name":"SpVgg Patersdorf","article_publisher":"https:\/\/www.facebook.com\/spvggpatersdorf\/","article_modified_time":"2026-03-12T15:31:14+00:00","og_image":[{"width":1124,"height":1499,"url":"https:\/\/www.houseofprojects.de\/wordpress\/wp-content\/uploads\/2025\/11\/Schmidt-Thomas.jpg","type":"image\/jpeg"}],"twitter_card":"summary_large_image","twitter_misc":{"Gesch\u00e4tzte Lesezeit":"1\u00a0Minute"},"schema":{"@context":"https:\/\/schema.org","@graph":[{"@type":"WebPage","@id":"https:\/\/www.houseofprojects.de\/wordpress\/index.php\/jugend\/","url":"https:\/\/www.houseofprojects.de\/wordpress\/index.php\/jugend\/","name":"Jugend - SpVgg Patersdorf","isPartOf":{"@id":"https:\/\/www.houseofprojects.de\/wordpress\/#website"},"primaryImageOfPage":{"@id":"https:\/\/www.houseofprojects.de\/wordpress\/index.php\/jugend\/#primaryimage"},"image":{"@id":"https:\/\/www.houseofprojects.de\/wordpress\/index.php\/jugend\/#primaryimage"},"thumbnailUrl":"https:\/\/www.houseofprojects.de\/wordpress\/wp-content\/uploads\/2025\/11\/Schmidt-Thomas-768x1024.jpg","datePublished":"2025-12-09T10:55:01+00:00","dateModified":"2026-03-12T15:31:14+00:00","breadcrumb":{"@id":"https:\/\/www.houseofprojects.de\/wordpress\/index.php\/jugend\/#breadcrumb"},"inLanguage":"de","potentialAction":[{"@type":"ReadAction","target":["https:\/\/www.houseofprojects.de\/wordpress\/index.php\/jugend\/"]}]},{"@type":"ImageObject","inLanguage":"de","@id":"https:\/\/www.houseofprojects.de\/wordpress\/index.php\/jugend\/#primaryimage","url":"https:\/\/www.houseofprojects.de\/wordpress\/wp-content\/uploads\/2025\/11\/Schmidt-Thomas.jpg","contentUrl":"https:\/\/www.houseofprojects.de\/wordpress\/wp-content\/uploads\/2025\/11\/Schmidt-Thomas.jpg","width":1124,"height":1499},{"@type":"BreadcrumbList","@id":"https:\/\/www.houseofprojects.de\/wordpress\/index.php\/jugend\/#breadcrumb","itemListElement":[{"@type":"ListItem","position":1,"name":"Startseite","item":"https:\/\/www.houseofprojects.de\/wordpress\/"},{"@type":"ListItem","position":2,"name":"Jugend"}]},{"@type":"WebSite","@id":"https:\/\/www.houseofprojects.de\/wordpress\/#website","url":"https:\/\/www.houseofprojects.de\/wordpress\/","name":"SpVgg Patersdorf","description":"Freundschaft. Zusammenhalt. Akzeptanz der Jugend. ","publisher":{"@id":"https:\/\/www.houseofprojects.de\/wordpress\/#organization"},"potentialAction":[{"@type":"SearchAction","target":{"@type":"EntryPoint","urlTemplate":"https:\/\/www.houseofprojects.de\/wordpress\/?s={search_term_string}"},"query-input":{"@type":"PropertyValueSpecification","valueRequired":true,"valueName":"search_term_string"}}],"inLanguage":"de"},{"@type":"Organization","@id":"https:\/\/www.houseofprojects.de\/wordpress\/#organization","name":"SpVgg Patersdorf","url":"https:\/\/www.houseofprojects.de\/wordpress\/","logo":{"@type":"ImageObject","inLanguage":"de","@id":"https:\/\/www.houseofprojects.de\/wordpress\/#\/schema\/logo\/image\/","url":"https:\/\/www.houseofprojects.de\/wordpress\/wp-content\/uploads\/2025\/11\/Logo_rot_ball_schwarz_transparent-3.png","contentUrl":"https:\/\/www.houseofprojects.de\/wordpress\/wp-content\/uploads\/2025\/11\/Logo_rot_ball_schwarz_transparent-3.png","width":1200,"height":1600,"caption":"SpVgg Patersdorf"},"image":{"@id":"https:\/\/www.houseofprojects.de\/wordpress\/#\/schema\/logo\/image\/"},"sameAs":["https:\/\/www.facebook.com\/spvggpatersdorf\/","https:\/\/www.instagram.com\/spvggpatersdorf\/"]}]}},"_links":{"self":[{"href":"https:\/\/www.houseofprojects.de\/wordpress\/index.php\/wp-json\/wp\/v2\/pages\/36","targetHints":{"allow":["GET"]}}],"collection":[{"href":"https:\/\/www.houseofprojects.de\/wordpress\/index.php\/wp-json\/wp\/v2\/pages"}],"about":[{"href":"https:\/\/www.houseofprojects.de\/wordpress\/index.php\/wp-json\/wp\/v2\/types\/page"}],"author":[{"embeddable":true,"href":"https:\/\/www.houseofprojects.de\/wordpress\/index.php\/wp-json\/wp\/v2\/users\/1"}],"replies":[{"embeddable":true,"href":"https:\/\/www.houseofprojects.de\/wordpress\/index.php\/wp-json\/wp\/v2\/comments?post=36"}],"version-history":[{"count":16,"href":"https:\/\/www.houseofprojects.de\/wordpress\/index.php\/wp-json\/wp\/v2\/pages\/36\/revisions"}],"predecessor-version":[{"id":996,"href":"https:\/\/www.houseofprojects.de\/wordpress\/index.php\/wp-json\/wp\/v2\/pages\/36\/revisions\/996"}],"wp:attachment":[{"href":"https:\/\/www.houseofprojects.de\/wordpress\/index.php\/wp-json\/wp\/v2\/media?parent=36"}],"curies":[{"name":"wp","href":"https:\/\/api.w.org\/{rel}","templated":true}]}}