{"id":110,"date":"2025-12-09T10:55:02","date_gmt":"2025-12-09T10:55:02","guid":{"rendered":"https:\/\/www.houseofprojects.de\/wordpress\/?page_id=110"},"modified":"2025-12-15T18:43:06","modified_gmt":"2025-12-15T18:43:06","slug":"archiv-statistik","status":"publish","type":"page","link":"https:\/\/www.houseofprojects.de\/wordpress\/index.php\/archiv-statistik\/","title":{"rendered":"Archiv &amp; Statistik"},"content":{"rendered":"\t\t<div data-elementor-type=\"wp-page\" data-elementor-id=\"110\" class=\"elementor elementor-110\">\n\t\t\t\t<div class=\"elementor-element elementor-element-e378ed7 e-flex e-con-boxed e-con e-parent\" data-id=\"e378ed7\" data-element_type=\"container\" data-e-type=\"container\">\n\t\t\t\t\t<div class=\"e-con-inner\">\n\t\t<div class=\"elementor-element elementor-element-35f211a e-con-full e-flex e-con e-child\" data-id=\"35f211a\" data-element_type=\"container\" data-e-type=\"container\">\n\t\t\t\t<div class=\"elementor-element elementor-element-a0027ad elementor-widget elementor-widget-heading\" data-id=\"a0027ad\" data-element_type=\"widget\" data-e-type=\"widget\" data-widget_type=\"heading.default\">\n\t\t\t\t\t<h2 class=\"elementor-heading-title elementor-size-default\">Archiv &amp; Statistik<\/h2>\t\t\t\t<\/div>\n\t\t\t\t<div class=\"elementor-element elementor-element-118df21 elementor-widget elementor-widget-text-editor\" data-id=\"118df21\" data-element_type=\"widget\" data-e-type=\"widget\" data-widget_type=\"text-editor.default\">\n\t\t\t\t\t\t\t\t\t<p>Der Geschichte der SpVgg Patersdorf haben Vereinslegenden ihren Stempel aufgedr\u00fcckt. Hier finden sich Rekordspieler, Rekordtorsch\u00fctzen sowie alle Abschlusstabellen s\u00e4mtlicher Spielzeiten seit dem Gr\u00fcndungsjahr 1959.<\/p>\t\t\t\t\t\t\t\t<\/div>\n\t\t\t\t<div class=\"elementor-element elementor-element-b4de86e elementor-widget elementor-widget-button\" data-id=\"b4de86e\" data-element_type=\"widget\" data-e-type=\"widget\" data-widget_type=\"button.default\">\n\t\t\t\t\t\t\t\t\t\t<a class=\"elementor-button elementor-button-link elementor-size-sm\" href=\"https:\/\/www.houseofprojects.de\/wordpress\/index.php\/archiv-statistik\/rekordspieler\/\" target=\"_blank\">\n\t\t\t\t\t\t<span class=\"elementor-button-content-wrapper\">\n\t\t\t\t\t\t\t\t\t<span class=\"elementor-button-text\">Zur Liste der Rekordspieler<\/span>\n\t\t\t\t\t<\/span>\n\t\t\t\t\t<\/a>\n\t\t\t\t\t\t\t\t<\/div>\n\t\t\t\t<div class=\"elementor-element elementor-element-cd03c38 elementor-widget elementor-widget-button\" data-id=\"cd03c38\" data-element_type=\"widget\" data-e-type=\"widget\" data-widget_type=\"button.default\">\n\t\t\t\t\t\t\t\t\t\t<a class=\"elementor-button elementor-button-link elementor-size-sm\" href=\"https:\/\/www.houseofprojects.de\/wordpress\/index.php\/archiv-statistik\/rekordtorjaeger\/\" target=\"_blank\">\n\t\t\t\t\t\t<span class=\"elementor-button-content-wrapper\">\n\t\t\t\t\t\t\t\t\t<span class=\"elementor-button-text\">Zur Liste der Rekordtorj\u00e4ger<\/span>\n\t\t\t\t\t<\/span>\n\t\t\t\t\t<\/a>\n\t\t\t\t\t\t\t\t<\/div>\n\t\t\t\t<div class=\"elementor-element elementor-element-51c13a1 elementor-widget elementor-widget-button\" data-id=\"51c13a1\" data-element_type=\"widget\" data-e-type=\"widget\" data-widget_type=\"button.default\">\n\t\t\t\t\t\t\t\t\t\t<a class=\"elementor-button elementor-button-link elementor-size-sm\" href=\"https:\/\/www.houseofprojects.de\/wordpress\/index.php\/archiv-statistik\/abschlusstabellen-seit-1959\/\" target=\"_blank\">\n\t\t\t\t\t\t<span class=\"elementor-button-content-wrapper\">\n\t\t\t\t\t\t\t\t\t<span class=\"elementor-button-text\">Zur Liste der Abschlusstabellen seit 1959<\/span>\n\t\t\t\t\t<\/span>\n\t\t\t\t\t<\/a>\n\t\t\t\t\t\t\t\t<\/div>\n\t\t\t\t<\/div>\n\t\t\t\t\t<\/div>\n\t\t\t\t<\/div>\n\t\t\t\t<\/div>\n\t\t","protected":false},"excerpt":{"rendered":"<p>Archiv &amp; Statistik Der Geschichte der SpVgg Patersdorf haben Vereinslegenden ihren Stempel aufgedr\u00fcckt. Hier finden sich Rekordspieler, Rekordtorsch\u00fctzen sowie alle Abschlusstabellen s\u00e4mtlicher Spielzeiten seit dem Gr\u00fcndungsjahr 1959. Zur Liste der Rekordspieler Zur Liste der Rekordtorj\u00e4ger Zur Liste der Abschlusstabellen seit 1959<\/p>\n","protected":false},"author":1,"featured_media":0,"parent":0,"menu_order":6,"comment_status":"closed","ping_status":"closed","template":"page-templates\/template-pagebuilder-full-width.php","meta":{"neve_meta_sidebar":"","neve_meta_container":"","neve_meta_enable_content_width":"","neve_meta_content_width":0,"neve_meta_title_alignment":"","neve_meta_author_avatar":"","neve_post_elements_order":"","neve_meta_disable_header":"","neve_meta_disable_footer":"","neve_meta_disable_title":"","footnotes":""},"class_list":["post-110","page","type-page","status-publish","hentry"],"yoast_head":"<!-- This site is optimized with the Yoast SEO plugin v27.3 - https:\/\/yoast.com\/product\/yoast-seo-wordpress\/ -->\n<title>Archiv &amp; Statistik - SpVgg Patersdorf<\/title>\n<meta name=\"robots\" content=\"index, follow, max-snippet:-1, max-image-preview:large, max-video-preview:-1\" \/>\n<link rel=\"canonical\" href=\"https:\/\/www.houseofprojects.de\/wordpress\/index.php\/archiv-statistik\/\" \/>\n<meta property=\"og:locale\" content=\"de_DE\" \/>\n<meta property=\"og:type\" content=\"article\" \/>\n<meta property=\"og:title\" content=\"Archiv &amp; Statistik - SpVgg Patersdorf\" \/>\n<meta property=\"og:description\" content=\"Archiv &amp; Statistik Der Geschichte der SpVgg Patersdorf haben Vereinslegenden ihren Stempel aufgedr\u00fcckt. Hier finden sich Rekordspieler, Rekordtorsch\u00fctzen sowie alle Abschlusstabellen s\u00e4mtlicher Spielzeiten seit dem Gr\u00fcndungsjahr 1959. Zur Liste der Rekordspieler Zur Liste der Rekordtorj\u00e4ger Zur Liste der Abschlusstabellen seit 1959\" \/>\n<meta property=\"og:url\" content=\"https:\/\/www.houseofprojects.de\/wordpress\/index.php\/archiv-statistik\/\" \/>\n<meta property=\"og:site_name\" content=\"SpVgg Patersdorf\" \/>\n<meta property=\"article:publisher\" content=\"https:\/\/www.facebook.com\/spvggpatersdorf\/\" \/>\n<meta property=\"article:modified_time\" content=\"2025-12-15T18:43:06+00:00\" \/>\n<meta name=\"twitter:card\" content=\"summary_large_image\" \/>\n<meta name=\"twitter:label1\" content=\"Gesch\u00e4tzte Lesezeit\" \/>\n\t<meta name=\"twitter:data1\" content=\"1\u00a0Minute\" \/>\n<script type=\"application\/ld+json\" class=\"yoast-schema-graph\">{\"@context\":\"https:\\\/\\\/schema.org\",\"@graph\":[{\"@type\":\"WebPage\",\"@id\":\"https:\\\/\\\/www.houseofprojects.de\\\/wordpress\\\/index.php\\\/archiv-statistik\\\/\",\"url\":\"https:\\\/\\\/www.houseofprojects.de\\\/wordpress\\\/index.php\\\/archiv-statistik\\\/\",\"name\":\"Archiv &amp; Statistik - SpVgg Patersdorf\",\"isPartOf\":{\"@id\":\"https:\\\/\\\/www.houseofprojects.de\\\/wordpress\\\/#website\"},\"datePublished\":\"2025-12-09T10:55:02+00:00\",\"dateModified\":\"2025-12-15T18:43:06+00:00\",\"breadcrumb\":{\"@id\":\"https:\\\/\\\/www.houseofprojects.de\\\/wordpress\\\/index.php\\\/archiv-statistik\\\/#breadcrumb\"},\"inLanguage\":\"de\",\"potentialAction\":[{\"@type\":\"ReadAction\",\"target\":[\"https:\\\/\\\/www.houseofprojects.de\\\/wordpress\\\/index.php\\\/archiv-statistik\\\/\"]}]},{\"@type\":\"BreadcrumbList\",\"@id\":\"https:\\\/\\\/www.houseofprojects.de\\\/wordpress\\\/index.php\\\/archiv-statistik\\\/#breadcrumb\",\"itemListElement\":[{\"@type\":\"ListItem\",\"position\":1,\"name\":\"Startseite\",\"item\":\"https:\\\/\\\/www.houseofprojects.de\\\/wordpress\\\/\"},{\"@type\":\"ListItem\",\"position\":2,\"name\":\"Archiv &amp; Statistik\"}]},{\"@type\":\"WebSite\",\"@id\":\"https:\\\/\\\/www.houseofprojects.de\\\/wordpress\\\/#website\",\"url\":\"https:\\\/\\\/www.houseofprojects.de\\\/wordpress\\\/\",\"name\":\"SpVgg Patersdorf\",\"description\":\"Freundschaft. Zusammenhalt. Akzeptanz der Jugend. \",\"publisher\":{\"@id\":\"https:\\\/\\\/www.houseofprojects.de\\\/wordpress\\\/#organization\"},\"potentialAction\":[{\"@type\":\"SearchAction\",\"target\":{\"@type\":\"EntryPoint\",\"urlTemplate\":\"https:\\\/\\\/www.houseofprojects.de\\\/wordpress\\\/?s={search_term_string}\"},\"query-input\":{\"@type\":\"PropertyValueSpecification\",\"valueRequired\":true,\"valueName\":\"search_term_string\"}}],\"inLanguage\":\"de\"},{\"@type\":\"Organization\",\"@id\":\"https:\\\/\\\/www.houseofprojects.de\\\/wordpress\\\/#organization\",\"name\":\"SpVgg Patersdorf\",\"url\":\"https:\\\/\\\/www.houseofprojects.de\\\/wordpress\\\/\",\"logo\":{\"@type\":\"ImageObject\",\"inLanguage\":\"de\",\"@id\":\"https:\\\/\\\/www.houseofprojects.de\\\/wordpress\\\/#\\\/schema\\\/logo\\\/image\\\/\",\"url\":\"https:\\\/\\\/www.houseofprojects.de\\\/wordpress\\\/wp-content\\\/uploads\\\/2025\\\/11\\\/Logo_rot_ball_schwarz_transparent-3.png\",\"contentUrl\":\"https:\\\/\\\/www.houseofprojects.de\\\/wordpress\\\/wp-content\\\/uploads\\\/2025\\\/11\\\/Logo_rot_ball_schwarz_transparent-3.png\",\"width\":1200,\"height\":1600,\"caption\":\"SpVgg Patersdorf\"},\"image\":{\"@id\":\"https:\\\/\\\/www.houseofprojects.de\\\/wordpress\\\/#\\\/schema\\\/logo\\\/image\\\/\"},\"sameAs\":[\"https:\\\/\\\/www.facebook.com\\\/spvggpatersdorf\\\/\",\"https:\\\/\\\/www.instagram.com\\\/spvggpatersdorf\\\/\"]}]}<\/script>\n<!-- \/ Yoast SEO plugin. -->","yoast_head_json":{"title":"Archiv &amp; Statistik - SpVgg Patersdorf","robots":{"index":"index","follow":"follow","max-snippet":"max-snippet:-1","max-image-preview":"max-image-preview:large","max-video-preview":"max-video-preview:-1"},"canonical":"https:\/\/www.houseofprojects.de\/wordpress\/index.php\/archiv-statistik\/","og_locale":"de_DE","og_type":"article","og_title":"Archiv &amp; Statistik - SpVgg Patersdorf","og_description":"Archiv &amp; Statistik Der Geschichte der SpVgg Patersdorf haben Vereinslegenden ihren Stempel aufgedr\u00fcckt. Hier finden sich Rekordspieler, Rekordtorsch\u00fctzen sowie alle Abschlusstabellen s\u00e4mtlicher Spielzeiten seit dem Gr\u00fcndungsjahr 1959. Zur Liste der Rekordspieler Zur Liste der Rekordtorj\u00e4ger Zur Liste der Abschlusstabellen seit 1959","og_url":"https:\/\/www.houseofprojects.de\/wordpress\/index.php\/archiv-statistik\/","og_site_name":"SpVgg Patersdorf","article_publisher":"https:\/\/www.facebook.com\/spvggpatersdorf\/","article_modified_time":"2025-12-15T18:43:06+00:00","twitter_card":"summary_large_image","twitter_misc":{"Gesch\u00e4tzte Lesezeit":"1\u00a0Minute"},"schema":{"@context":"https:\/\/schema.org","@graph":[{"@type":"WebPage","@id":"https:\/\/www.houseofprojects.de\/wordpress\/index.php\/archiv-statistik\/","url":"https:\/\/www.houseofprojects.de\/wordpress\/index.php\/archiv-statistik\/","name":"Archiv &amp; Statistik - SpVgg Patersdorf","isPartOf":{"@id":"https:\/\/www.houseofprojects.de\/wordpress\/#website"},"datePublished":"2025-12-09T10:55:02+00:00","dateModified":"2025-12-15T18:43:06+00:00","breadcrumb":{"@id":"https:\/\/www.houseofprojects.de\/wordpress\/index.php\/archiv-statistik\/#breadcrumb"},"inLanguage":"de","potentialAction":[{"@type":"ReadAction","target":["https:\/\/www.houseofprojects.de\/wordpress\/index.php\/archiv-statistik\/"]}]},{"@type":"BreadcrumbList","@id":"https:\/\/www.houseofprojects.de\/wordpress\/index.php\/archiv-statistik\/#breadcrumb","itemListElement":[{"@type":"ListItem","position":1,"name":"Startseite","item":"https:\/\/www.houseofprojects.de\/wordpress\/"},{"@type":"ListItem","position":2,"name":"Archiv &amp; Statistik"}]},{"@type":"WebSite","@id":"https:\/\/www.houseofprojects.de\/wordpress\/#website","url":"https:\/\/www.houseofprojects.de\/wordpress\/","name":"SpVgg Patersdorf","description":"Freundschaft. Zusammenhalt. Akzeptanz der Jugend. ","publisher":{"@id":"https:\/\/www.houseofprojects.de\/wordpress\/#organization"},"potentialAction":[{"@type":"SearchAction","target":{"@type":"EntryPoint","urlTemplate":"https:\/\/www.houseofprojects.de\/wordpress\/?s={search_term_string}"},"query-input":{"@type":"PropertyValueSpecification","valueRequired":true,"valueName":"search_term_string"}}],"inLanguage":"de"},{"@type":"Organization","@id":"https:\/\/www.houseofprojects.de\/wordpress\/#organization","name":"SpVgg Patersdorf","url":"https:\/\/www.houseofprojects.de\/wordpress\/","logo":{"@type":"ImageObject","inLanguage":"de","@id":"https:\/\/www.houseofprojects.de\/wordpress\/#\/schema\/logo\/image\/","url":"https:\/\/www.houseofprojects.de\/wordpress\/wp-content\/uploads\/2025\/11\/Logo_rot_ball_schwarz_transparent-3.png","contentUrl":"https:\/\/www.houseofprojects.de\/wordpress\/wp-content\/uploads\/2025\/11\/Logo_rot_ball_schwarz_transparent-3.png","width":1200,"height":1600,"caption":"SpVgg Patersdorf"},"image":{"@id":"https:\/\/www.houseofprojects.de\/wordpress\/#\/schema\/logo\/image\/"},"sameAs":["https:\/\/www.facebook.com\/spvggpatersdorf\/","https:\/\/www.instagram.com\/spvggpatersdorf\/"]}]}},"_links":{"self":[{"href":"https:\/\/www.houseofprojects.de\/wordpress\/index.php\/wp-json\/wp\/v2\/pages\/110","targetHints":{"allow":["GET"]}}],"collection":[{"href":"https:\/\/www.houseofprojects.de\/wordpress\/index.php\/wp-json\/wp\/v2\/pages"}],"about":[{"href":"https:\/\/www.houseofprojects.de\/wordpress\/index.php\/wp-json\/wp\/v2\/types\/page"}],"author":[{"embeddable":true,"href":"https:\/\/www.houseofprojects.de\/wordpress\/index.php\/wp-json\/wp\/v2\/users\/1"}],"replies":[{"embeddable":true,"href":"https:\/\/www.houseofprojects.de\/wordpress\/index.php\/wp-json\/wp\/v2\/comments?post=110"}],"version-history":[{"count":10,"href":"https:\/\/www.houseofprojects.de\/wordpress\/index.php\/wp-json\/wp\/v2\/pages\/110\/revisions"}],"predecessor-version":[{"id":691,"href":"https:\/\/www.houseofprojects.de\/wordpress\/index.php\/wp-json\/wp\/v2\/pages\/110\/revisions\/691"}],"wp:attachment":[{"href":"https:\/\/www.houseofprojects.de\/wordpress\/index.php\/wp-json\/wp\/v2\/media?parent=110"}],"curies":[{"name":"wp","href":"https:\/\/api.w.org\/{rel}","templated":true}]}}