{"id":108,"date":"2025-12-09T10:55:01","date_gmt":"2025-12-09T10:55:01","guid":{"rendered":"https:\/\/www.houseofprojects.de\/wordpress\/?page_id=108"},"modified":"2026-01-12T12:02:21","modified_gmt":"2026-01-12T12:02:21","slug":"sponsoren","status":"publish","type":"page","link":"https:\/\/www.houseofprojects.de\/wordpress\/index.php\/sponsoren\/","title":{"rendered":"Sponsoring"},"content":{"rendered":"\t\t<div data-elementor-type=\"wp-page\" data-elementor-id=\"108\" class=\"elementor elementor-108\">\n\t\t\t\t<div class=\"elementor-element elementor-element-3c1d2d1 e-flex e-con-boxed e-con e-parent\" data-id=\"3c1d2d1\" data-element_type=\"container\" data-e-type=\"container\">\n\t\t\t\t\t<div class=\"e-con-inner\">\n\t\t<div class=\"elementor-element elementor-element-87f1bc7 e-con-full e-flex e-con e-child\" data-id=\"87f1bc7\" data-element_type=\"container\" data-e-type=\"container\">\n\t\t\t\t<div class=\"elementor-element elementor-element-9ae7f89 elementor-widget elementor-widget-heading\" data-id=\"9ae7f89\" data-element_type=\"widget\" data-e-type=\"widget\" data-widget_type=\"heading.default\">\n\t\t\t\t\t<h2 class=\"elementor-heading-title elementor-size-default\">Sponsoring<\/h2>\t\t\t\t<\/div>\n\t\t\t\t<div class=\"elementor-element elementor-element-95a0372 elementor-widget elementor-widget-text-editor\" data-id=\"95a0372\" data-element_type=\"widget\" data-e-type=\"widget\" data-widget_type=\"text-editor.default\">\n\t\t\t\t\t\t\t\t\t<p>Die SpVgg Patersdorf steht seit 1959 f\u00fcr Leidenschaft, Zusammenhalt und gelebte Heimat. Als Verein mit starken Wurzeln in der Region bieten wir Kindern, Jugendlichen und Erwachsenen einen Ort, an dem Sport, Gemeinschaft und Werte vermittelt werden. Ein Sponsoring bei uns bedeutet deshalb weit mehr als klassische Werbung: Es ist ein Bekenntnis zur Region und ein Beitrag zu einer aktiven, lebendigen Dorfgemeinschaft.<\/p><p>Mit unserem Vereinsbuch <em>\u201eHeimat. Fu\u00dfball. Patersdorf.\u201c<\/em> haben wir diese tiefe Verbundenheit dokumentiert. Es erz\u00e4hlt nicht nur die sportliche Entwicklung des Vereins, sondern zeigt, wie sehr Fu\u00dfball Menschen zusammenbringen kann. Sponsoren, die unseren Weg begleiten, profitieren von dieser authentischen Geschichte und von einem Umfeld voller Identifikation und Glaubw\u00fcrdigkeit.<\/p>\t\t\t\t\t\t\t\t<\/div>\n\t\t\t\t<div class=\"elementor-element elementor-element-4f50a3a elementor-widget elementor-widget-heading\" data-id=\"4f50a3a\" data-element_type=\"widget\" data-e-type=\"widget\" data-widget_type=\"heading.default\">\n\t\t\t\t\t<h4 class=\"elementor-heading-title elementor-size-default\">Sichtbarkeit, Reichweite und N\u00e4he zu den Menschen<\/h4>\t\t\t\t<\/div>\n\t\t\t\t<div class=\"elementor-element elementor-element-0eebdba elementor-widget elementor-widget-text-editor\" data-id=\"0eebdba\" data-element_type=\"widget\" data-e-type=\"widget\" data-widget_type=\"text-editor.default\">\n\t\t\t\t\t\t\t\t\t<p>Sponsoren der SpVgg Patersdorf erreichen eine breite Zielgruppe: Erwachsene und jugendliche Spieler, Familien, Besucher von Heimspielen sowie die gro\u00dfe Online-Community des Vereins. \u00dcber unsere Kan\u00e4le, Spielberichte und Veranstaltungen schaffen wir regelm\u00e4\u00dfige Kontaktpunkte, an denen Unternehmen sichtbar werden \u2014 nachhaltig, regional und im besten Sinne \u201enah am Menschen\u201c.\u00a0Ob auf Trikots, Banden, im Vereinsheim oder in der digitalen Kommunikation.<\/p>\t\t\t\t\t\t\t\t<\/div>\n\t\t\t\t<div class=\"elementor-element elementor-element-88ec130 elementor-widget elementor-widget-heading\" data-id=\"88ec130\" data-element_type=\"widget\" data-e-type=\"widget\" data-widget_type=\"heading.default\">\n\t\t\t\t\t<h4 class=\"elementor-heading-title elementor-size-default\">Engagement, das ankommt<\/h4>\t\t\t\t<\/div>\n\t\t\t\t<div class=\"elementor-element elementor-element-41c1694 elementor-widget elementor-widget-text-editor\" data-id=\"41c1694\" data-element_type=\"widget\" data-e-type=\"widget\" data-widget_type=\"text-editor.default\">\n\t\t\t\t\t\t\t\t\t<p>Die Unterst\u00fctzung durch Sponsoren hilft uns, Kinder und Jugendliche zu f\u00f6rdern, Trainingsbedingungen zu verbessern, Ausr\u00fcstung zu beschaffen und Veranstaltungen auf die Beine zu stellen. Damit investieren Sponsoren direkt in die Entwicklung junger Menschen und st\u00e4rken das soziale Fundament der Gemeinde.\u00a0Verantwortung, Heimatverbundenheit und echtes Interesse an den Menschen vor Ort sind Werte, f\u00fcr die Sponsoren und SpVgg Patersdorf stehen.\u00a0<\/p>\t\t\t\t\t\t\t\t<\/div>\n\t\t\t\t<div class=\"elementor-element elementor-element-ba6f8b3 elementor-widget elementor-widget-heading\" data-id=\"ba6f8b3\" data-element_type=\"widget\" data-e-type=\"widget\" data-widget_type=\"heading.default\">\n\t\t\t\t\t<h4 class=\"elementor-heading-title elementor-size-default\">Sponsoring \u2013 f\u00fcr jeden Zweck und jedes Budget<\/h4>\t\t\t\t<\/div>\n\t\t\t\t<div class=\"elementor-element elementor-element-97daef7 elementor-widget elementor-widget-text-editor\" data-id=\"97daef7\" data-element_type=\"widget\" data-e-type=\"widget\" data-widget_type=\"text-editor.default\">\n\t\t\t\t\t\t\t\t\t<ul><li><p>Sichtbarkeit auf Trikots, Trainingskleidung oder Werbebanden<\/p><\/li><li><p>Pr\u00e4senz auf unserer Website und in allen digitalen Medien<\/p><\/li><li><p>Erw\u00e4hnung bei Heimspielen und Vereinsveranstaltungen<\/p><\/li><li><p>M\u00f6glichkeit zur aktiven Teilnahme an Events oder Aktionen<\/p><\/li><\/ul><p>\u00a0<\/p><p>Sponsoren unterst\u00fctzen bei der Spielvereinigung nicht nur den Sport, sondern auch das Leben in Patersdorf. Sie f\u00f6rdern Identit\u00e4t, Jugend, Ehrenamt und Gemeinschaft \u2014 und erhalten im Gegenzug eine starke, glaubw\u00fcrdige Pr\u00e4senz in einem lebendigen Umfeld.<\/p>\t\t\t\t\t\t\t\t<\/div>\n\t\t\t\t<div class=\"elementor-element elementor-element-d849d96 elementor-widget elementor-widget-heading\" data-id=\"d849d96\" data-element_type=\"widget\" data-e-type=\"widget\" data-widget_type=\"heading.default\">\n\t\t\t\t\t<h4 class=\"elementor-heading-title elementor-size-default\">Werden Sie Teil unserer Vereinsfamilie!<\/h4>\t\t\t\t<\/div>\n\t\t\t\t<div class=\"elementor-element elementor-element-54d1625 elementor-widget elementor-widget-text-editor\" data-id=\"54d1625\" data-element_type=\"widget\" data-e-type=\"widget\" data-widget_type=\"text-editor.default\">\n\t\t\t\t\t\t\t\t\t<p><strong>Ansprechpartner<\/strong>\u00a0<br \/>Marco Fenzl<br \/>Telefon: +49 160 3506196<br \/>Mail: marco-fenzl@web.de<\/p>\t\t\t\t\t\t\t\t<\/div>\n\t\t\t\t<div class=\"elementor-element elementor-element-3863b24 elementor-widget elementor-widget-button\" data-id=\"3863b24\" data-element_type=\"widget\" data-e-type=\"widget\" data-widget_type=\"button.default\">\n\t\t\t\t\t\t\t\t\t\t<a class=\"elementor-button elementor-button-link elementor-size-sm\" href=\"#\" id=\"3\">\n\t\t\t\t\t\t<span class=\"elementor-button-content-wrapper\">\n\t\t\t\t\t\t\t\t\t<span class=\"elementor-button-text\">Hier klicken<\/span>\n\t\t\t\t\t<\/span>\n\t\t\t\t\t<\/a>\n\t\t\t\t\t\t\t\t<\/div>\n\t\t\t\t<\/div>\n\t\t\t\t\t<\/div>\n\t\t\t\t<\/div>\n\t\t\t\t<\/div>\n\t\t","protected":false},"excerpt":{"rendered":"<p>Sponsoring Die SpVgg Patersdorf steht seit 1959 f\u00fcr Leidenschaft, Zusammenhalt und gelebte Heimat. Als Verein mit starken Wurzeln in der Region bieten wir Kindern, Jugendlichen und Erwachsenen einen Ort, an dem Sport, Gemeinschaft und Werte vermittelt werden. Ein Sponsoring bei uns bedeutet deshalb weit mehr als klassische Werbung: Es ist ein Bekenntnis zur Region und&hellip;&nbsp;<a href=\"https:\/\/www.houseofprojects.de\/wordpress\/index.php\/sponsoren\/\" rel=\"bookmark\"><span class=\"screen-reader-text\">Sponsoring<\/span><\/a><\/p>\n","protected":false},"author":1,"featured_media":0,"parent":0,"menu_order":5,"comment_status":"closed","ping_status":"closed","template":"page-templates\/template-pagebuilder-full-width.php","meta":{"neve_meta_sidebar":"","neve_meta_container":"","neve_meta_enable_content_width":"","neve_meta_content_width":0,"neve_meta_title_alignment":"","neve_meta_author_avatar":"","neve_post_elements_order":"","neve_meta_disable_header":"","neve_meta_disable_footer":"","neve_meta_disable_title":"","footnotes":""},"class_list":["post-108","page","type-page","status-publish","hentry"],"yoast_head":"<!-- This site is optimized with the Yoast SEO plugin v27.3 - https:\/\/yoast.com\/product\/yoast-seo-wordpress\/ -->\n<title>Sponsoring - SpVgg Patersdorf<\/title>\n<meta name=\"robots\" content=\"index, follow, max-snippet:-1, max-image-preview:large, max-video-preview:-1\" \/>\n<link rel=\"canonical\" href=\"https:\/\/www.houseofprojects.de\/wordpress\/index.php\/sponsoren\/\" \/>\n<meta property=\"og:locale\" content=\"de_DE\" \/>\n<meta property=\"og:type\" content=\"article\" \/>\n<meta property=\"og:title\" content=\"Sponsoring - SpVgg Patersdorf\" \/>\n<meta property=\"og:description\" content=\"Sponsoring Die SpVgg Patersdorf steht seit 1959 f\u00fcr Leidenschaft, Zusammenhalt und gelebte Heimat. Als Verein mit starken Wurzeln in der Region bieten wir Kindern, Jugendlichen und Erwachsenen einen Ort, an dem Sport, Gemeinschaft und Werte vermittelt werden. Ein Sponsoring bei uns bedeutet deshalb weit mehr als klassische Werbung: Es ist ein Bekenntnis zur Region und&hellip;&nbsp;Sponsoring\" \/>\n<meta property=\"og:url\" content=\"https:\/\/www.houseofprojects.de\/wordpress\/index.php\/sponsoren\/\" \/>\n<meta property=\"og:site_name\" content=\"SpVgg Patersdorf\" \/>\n<meta property=\"article:publisher\" content=\"https:\/\/www.facebook.com\/spvggpatersdorf\/\" \/>\n<meta property=\"article:modified_time\" content=\"2026-01-12T12:02:21+00:00\" \/>\n<meta name=\"twitter:card\" content=\"summary_large_image\" \/>\n<meta name=\"twitter:label1\" content=\"Gesch\u00e4tzte Lesezeit\" \/>\n\t<meta name=\"twitter:data1\" content=\"2\u00a0Minuten\" \/>\n<script type=\"application\/ld+json\" class=\"yoast-schema-graph\">{\"@context\":\"https:\\\/\\\/schema.org\",\"@graph\":[{\"@type\":\"WebPage\",\"@id\":\"https:\\\/\\\/www.houseofprojects.de\\\/wordpress\\\/index.php\\\/sponsoren\\\/\",\"url\":\"https:\\\/\\\/www.houseofprojects.de\\\/wordpress\\\/index.php\\\/sponsoren\\\/\",\"name\":\"Sponsoring - SpVgg Patersdorf\",\"isPartOf\":{\"@id\":\"https:\\\/\\\/www.houseofprojects.de\\\/wordpress\\\/#website\"},\"datePublished\":\"2025-12-09T10:55:01+00:00\",\"dateModified\":\"2026-01-12T12:02:21+00:00\",\"breadcrumb\":{\"@id\":\"https:\\\/\\\/www.houseofprojects.de\\\/wordpress\\\/index.php\\\/sponsoren\\\/#breadcrumb\"},\"inLanguage\":\"de\",\"potentialAction\":[{\"@type\":\"ReadAction\",\"target\":[\"https:\\\/\\\/www.houseofprojects.de\\\/wordpress\\\/index.php\\\/sponsoren\\\/\"]}]},{\"@type\":\"BreadcrumbList\",\"@id\":\"https:\\\/\\\/www.houseofprojects.de\\\/wordpress\\\/index.php\\\/sponsoren\\\/#breadcrumb\",\"itemListElement\":[{\"@type\":\"ListItem\",\"position\":1,\"name\":\"Startseite\",\"item\":\"https:\\\/\\\/www.houseofprojects.de\\\/wordpress\\\/\"},{\"@type\":\"ListItem\",\"position\":2,\"name\":\"Sponsoring\"}]},{\"@type\":\"WebSite\",\"@id\":\"https:\\\/\\\/www.houseofprojects.de\\\/wordpress\\\/#website\",\"url\":\"https:\\\/\\\/www.houseofprojects.de\\\/wordpress\\\/\",\"name\":\"SpVgg Patersdorf\",\"description\":\"Freundschaft. Zusammenhalt. Akzeptanz der Jugend. \",\"publisher\":{\"@id\":\"https:\\\/\\\/www.houseofprojects.de\\\/wordpress\\\/#organization\"},\"potentialAction\":[{\"@type\":\"SearchAction\",\"target\":{\"@type\":\"EntryPoint\",\"urlTemplate\":\"https:\\\/\\\/www.houseofprojects.de\\\/wordpress\\\/?s={search_term_string}\"},\"query-input\":{\"@type\":\"PropertyValueSpecification\",\"valueRequired\":true,\"valueName\":\"search_term_string\"}}],\"inLanguage\":\"de\"},{\"@type\":\"Organization\",\"@id\":\"https:\\\/\\\/www.houseofprojects.de\\\/wordpress\\\/#organization\",\"name\":\"SpVgg Patersdorf\",\"url\":\"https:\\\/\\\/www.houseofprojects.de\\\/wordpress\\\/\",\"logo\":{\"@type\":\"ImageObject\",\"inLanguage\":\"de\",\"@id\":\"https:\\\/\\\/www.houseofprojects.de\\\/wordpress\\\/#\\\/schema\\\/logo\\\/image\\\/\",\"url\":\"https:\\\/\\\/www.houseofprojects.de\\\/wordpress\\\/wp-content\\\/uploads\\\/2025\\\/11\\\/Logo_rot_ball_schwarz_transparent-3.png\",\"contentUrl\":\"https:\\\/\\\/www.houseofprojects.de\\\/wordpress\\\/wp-content\\\/uploads\\\/2025\\\/11\\\/Logo_rot_ball_schwarz_transparent-3.png\",\"width\":1200,\"height\":1600,\"caption\":\"SpVgg Patersdorf\"},\"image\":{\"@id\":\"https:\\\/\\\/www.houseofprojects.de\\\/wordpress\\\/#\\\/schema\\\/logo\\\/image\\\/\"},\"sameAs\":[\"https:\\\/\\\/www.facebook.com\\\/spvggpatersdorf\\\/\",\"https:\\\/\\\/www.instagram.com\\\/spvggpatersdorf\\\/\"]}]}<\/script>\n<!-- \/ Yoast SEO plugin. -->","yoast_head_json":{"title":"Sponsoring - SpVgg Patersdorf","robots":{"index":"index","follow":"follow","max-snippet":"max-snippet:-1","max-image-preview":"max-image-preview:large","max-video-preview":"max-video-preview:-1"},"canonical":"https:\/\/www.houseofprojects.de\/wordpress\/index.php\/sponsoren\/","og_locale":"de_DE","og_type":"article","og_title":"Sponsoring - SpVgg Patersdorf","og_description":"Sponsoring Die SpVgg Patersdorf steht seit 1959 f\u00fcr Leidenschaft, Zusammenhalt und gelebte Heimat. Als Verein mit starken Wurzeln in der Region bieten wir Kindern, Jugendlichen und Erwachsenen einen Ort, an dem Sport, Gemeinschaft und Werte vermittelt werden. Ein Sponsoring bei uns bedeutet deshalb weit mehr als klassische Werbung: Es ist ein Bekenntnis zur Region und&hellip;&nbsp;Sponsoring","og_url":"https:\/\/www.houseofprojects.de\/wordpress\/index.php\/sponsoren\/","og_site_name":"SpVgg Patersdorf","article_publisher":"https:\/\/www.facebook.com\/spvggpatersdorf\/","article_modified_time":"2026-01-12T12:02:21+00:00","twitter_card":"summary_large_image","twitter_misc":{"Gesch\u00e4tzte Lesezeit":"2\u00a0Minuten"},"schema":{"@context":"https:\/\/schema.org","@graph":[{"@type":"WebPage","@id":"https:\/\/www.houseofprojects.de\/wordpress\/index.php\/sponsoren\/","url":"https:\/\/www.houseofprojects.de\/wordpress\/index.php\/sponsoren\/","name":"Sponsoring - SpVgg Patersdorf","isPartOf":{"@id":"https:\/\/www.houseofprojects.de\/wordpress\/#website"},"datePublished":"2025-12-09T10:55:01+00:00","dateModified":"2026-01-12T12:02:21+00:00","breadcrumb":{"@id":"https:\/\/www.houseofprojects.de\/wordpress\/index.php\/sponsoren\/#breadcrumb"},"inLanguage":"de","potentialAction":[{"@type":"ReadAction","target":["https:\/\/www.houseofprojects.de\/wordpress\/index.php\/sponsoren\/"]}]},{"@type":"BreadcrumbList","@id":"https:\/\/www.houseofprojects.de\/wordpress\/index.php\/sponsoren\/#breadcrumb","itemListElement":[{"@type":"ListItem","position":1,"name":"Startseite","item":"https:\/\/www.houseofprojects.de\/wordpress\/"},{"@type":"ListItem","position":2,"name":"Sponsoring"}]},{"@type":"WebSite","@id":"https:\/\/www.houseofprojects.de\/wordpress\/#website","url":"https:\/\/www.houseofprojects.de\/wordpress\/","name":"SpVgg Patersdorf","description":"Freundschaft. Zusammenhalt. Akzeptanz der Jugend. ","publisher":{"@id":"https:\/\/www.houseofprojects.de\/wordpress\/#organization"},"potentialAction":[{"@type":"SearchAction","target":{"@type":"EntryPoint","urlTemplate":"https:\/\/www.houseofprojects.de\/wordpress\/?s={search_term_string}"},"query-input":{"@type":"PropertyValueSpecification","valueRequired":true,"valueName":"search_term_string"}}],"inLanguage":"de"},{"@type":"Organization","@id":"https:\/\/www.houseofprojects.de\/wordpress\/#organization","name":"SpVgg Patersdorf","url":"https:\/\/www.houseofprojects.de\/wordpress\/","logo":{"@type":"ImageObject","inLanguage":"de","@id":"https:\/\/www.houseofprojects.de\/wordpress\/#\/schema\/logo\/image\/","url":"https:\/\/www.houseofprojects.de\/wordpress\/wp-content\/uploads\/2025\/11\/Logo_rot_ball_schwarz_transparent-3.png","contentUrl":"https:\/\/www.houseofprojects.de\/wordpress\/wp-content\/uploads\/2025\/11\/Logo_rot_ball_schwarz_transparent-3.png","width":1200,"height":1600,"caption":"SpVgg Patersdorf"},"image":{"@id":"https:\/\/www.houseofprojects.de\/wordpress\/#\/schema\/logo\/image\/"},"sameAs":["https:\/\/www.facebook.com\/spvggpatersdorf\/","https:\/\/www.instagram.com\/spvggpatersdorf\/"]}]}},"_links":{"self":[{"href":"https:\/\/www.houseofprojects.de\/wordpress\/index.php\/wp-json\/wp\/v2\/pages\/108","targetHints":{"allow":["GET"]}}],"collection":[{"href":"https:\/\/www.houseofprojects.de\/wordpress\/index.php\/wp-json\/wp\/v2\/pages"}],"about":[{"href":"https:\/\/www.houseofprojects.de\/wordpress\/index.php\/wp-json\/wp\/v2\/types\/page"}],"author":[{"embeddable":true,"href":"https:\/\/www.houseofprojects.de\/wordpress\/index.php\/wp-json\/wp\/v2\/users\/1"}],"replies":[{"embeddable":true,"href":"https:\/\/www.houseofprojects.de\/wordpress\/index.php\/wp-json\/wp\/v2\/comments?post=108"}],"version-history":[{"count":34,"href":"https:\/\/www.houseofprojects.de\/wordpress\/index.php\/wp-json\/wp\/v2\/pages\/108\/revisions"}],"predecessor-version":[{"id":951,"href":"https:\/\/www.houseofprojects.de\/wordpress\/index.php\/wp-json\/wp\/v2\/pages\/108\/revisions\/951"}],"wp:attachment":[{"href":"https:\/\/www.houseofprojects.de\/wordpress\/index.php\/wp-json\/wp\/v2\/media?parent=108"}],"curies":[{"name":"wp","href":"https:\/\/api.w.org\/{rel}","templated":true}]}}