{"id":106,"date":"2025-12-09T10:55:01","date_gmt":"2025-12-09T10:55:01","guid":{"rendered":"https:\/\/www.houseofprojects.de\/wordpress\/?page_id=106"},"modified":"2026-01-28T19:34:47","modified_gmt":"2026-01-28T19:34:47","slug":"satzung-downloads","status":"publish","type":"page","link":"https:\/\/www.houseofprojects.de\/wordpress\/index.php\/verein\/satzung-downloads\/","title":{"rendered":"Satzung &amp; Downloads"},"content":{"rendered":"\t\t<div data-elementor-type=\"wp-page\" data-elementor-id=\"106\" class=\"elementor elementor-106\">\n\t\t\t\t<div class=\"elementor-element elementor-element-8b191a2 e-flex e-con-boxed e-con e-parent\" data-id=\"8b191a2\" data-element_type=\"container\" data-e-type=\"container\">\n\t\t\t\t\t<div class=\"e-con-inner\">\n\t\t\t\t<div class=\"elementor-element elementor-element-fa50e09 elementor-widget elementor-widget-heading\" data-id=\"fa50e09\" data-element_type=\"widget\" data-e-type=\"widget\" data-widget_type=\"heading.default\">\n\t\t\t\t\t<h2 class=\"elementor-heading-title elementor-size-default\">Downloads<\/h2>\t\t\t\t<\/div>\n\t\t\t\t<div class=\"elementor-element elementor-element-967ca52 elementor-widget elementor-widget-text-editor\" data-id=\"967ca52\" data-element_type=\"widget\" data-e-type=\"widget\" data-widget_type=\"text-editor.default\">\n\t\t\t\t\t\t\t\t\t<p>Hier stehen Vereinsdokumente und Formulare als PDF-Datei zum Download zur Verf\u00fcgung.<\/p>\t\t\t\t\t\t\t\t<\/div>\n\t\t\t\t\t<\/div>\n\t\t\t\t<\/div>\n\t\t<div class=\"elementor-element elementor-element-07df62d e-flex e-con-boxed e-con e-parent\" data-id=\"07df62d\" data-element_type=\"container\" data-e-type=\"container\">\n\t\t\t\t\t<div class=\"e-con-inner\">\n\t\t<div class=\"elementor-element elementor-element-4f15f5a e-con-full e-flex e-con e-child\" data-id=\"4f15f5a\" data-element_type=\"container\" data-e-type=\"container\">\n\t\t\t\t<div class=\"elementor-element elementor-element-5fbf750 elementor-widget elementor-widget-heading\" data-id=\"5fbf750\" data-element_type=\"widget\" data-e-type=\"widget\" data-widget_type=\"heading.default\">\n\t\t\t\t\t<h3 class=\"elementor-heading-title elementor-size-default\">1. Vereinsdokumente<\/h3>\t\t\t\t<\/div>\n\t\t<div class=\"elementor-element elementor-element-4a4e738 e-con-full e-flex e-con e-child\" data-id=\"4a4e738\" data-element_type=\"container\" data-e-type=\"container\">\n\t\t\t\t<div class=\"elementor-element elementor-element-4b5b995 elementor-widget elementor-widget-button\" data-id=\"4b5b995\" data-element_type=\"widget\" data-e-type=\"widget\" data-widget_type=\"button.default\">\n\t\t\t\t\t\t\t\t\t\t<a class=\"elementor-button elementor-button-link elementor-size-sm\" href=\"https:\/\/www.houseofprojects.de\/wordpress\/wp-content\/uploads\/2025\/12\/Beitragssatzung.pdf\" target=\"_blank\" id=\"2\">\n\t\t\t\t\t\t<span class=\"elementor-button-content-wrapper\">\n\t\t\t\t\t\t<span class=\"elementor-button-icon\">\n\t\t\t\t<svg aria-hidden=\"true\" class=\"e-font-icon-svg e-far-file-pdf\" viewBox=\"0 0 384 512\" xmlns=\"http:\/\/www.w3.org\/2000\/svg\"><path d=\"M369.9 97.9L286 14C277 5 264.8-.1 252.1-.1H48C21.5 0 0 21.5 0 48v416c0 26.5 21.5 48 48 48h288c26.5 0 48-21.5 48-48V131.9c0-12.7-5.1-25-14.1-34zM332.1 128H256V51.9l76.1 76.1zM48 464V48h160v104c0 13.3 10.7 24 24 24h104v288H48zm250.2-143.7c-12.2-12-47-8.7-64.4-6.5-17.2-10.5-28.7-25-36.8-46.3 3.9-16.1 10.1-40.6 5.4-56-4.2-26.2-37.8-23.6-42.6-5.9-4.4 16.1-.4 38.5 7 67.1-10 23.9-24.9 56-35.4 74.4-20 10.3-47 26.2-51 46.2-3.3 15.8 26 55.2 76.1-31.2 22.4-7.4 46.8-16.5 68.4-20.1 18.9 10.2 41 17 55.8 17 25.5 0 28-28.2 17.5-38.7zm-198.1 77.8c5.1-13.7 24.5-29.5 30.4-35-19 30.3-30.4 35.7-30.4 35zm81.6-190.6c7.4 0 6.7 32.1 1.8 40.8-4.4-13.9-4.3-40.8-1.8-40.8zm-24.4 136.6c9.7-16.9 18-37 24.7-54.7 8.3 15.1 18.9 27.2 30.1 35.5-20.8 4.3-38.9 13.1-54.8 19.2zm131.6-5s-5 6-37.3-7.8c35.1-2.6 40.9 5.4 37.3 7.8z\"><\/path><\/svg>\t\t\t<\/span>\n\t\t\t\t\t\t\t\t\t<span class=\"elementor-button-text\">Beitragssatzung<\/span>\n\t\t\t\t\t<\/span>\n\t\t\t\t\t<\/a>\n\t\t\t\t\t\t\t\t<\/div>\n\t\t\t\t<\/div>\n\t\t<div class=\"elementor-element elementor-element-b448179 e-con-full e-flex e-con e-child\" data-id=\"b448179\" data-element_type=\"container\" data-e-type=\"container\">\n\t\t\t\t<div class=\"elementor-element elementor-element-e015453 elementor-widget elementor-widget-button\" data-id=\"e015453\" data-element_type=\"widget\" data-e-type=\"widget\" data-widget_type=\"button.default\">\n\t\t\t\t\t\t\t\t\t\t<a class=\"elementor-button elementor-button-link elementor-size-sm\" href=\"https:\/\/www.houseofprojects.de\/wordpress\/wp-content\/uploads\/2026\/01\/Vorlage_Fahrtkosten.pdf\" target=\"_blank\" id=\"2\">\n\t\t\t\t\t\t<span class=\"elementor-button-content-wrapper\">\n\t\t\t\t\t\t<span class=\"elementor-button-icon\">\n\t\t\t\t<svg aria-hidden=\"true\" class=\"e-font-icon-svg e-far-file-pdf\" viewBox=\"0 0 384 512\" xmlns=\"http:\/\/www.w3.org\/2000\/svg\"><path d=\"M369.9 97.9L286 14C277 5 264.8-.1 252.1-.1H48C21.5 0 0 21.5 0 48v416c0 26.5 21.5 48 48 48h288c26.5 0 48-21.5 48-48V131.9c0-12.7-5.1-25-14.1-34zM332.1 128H256V51.9l76.1 76.1zM48 464V48h160v104c0 13.3 10.7 24 24 24h104v288H48zm250.2-143.7c-12.2-12-47-8.7-64.4-6.5-17.2-10.5-28.7-25-36.8-46.3 3.9-16.1 10.1-40.6 5.4-56-4.2-26.2-37.8-23.6-42.6-5.9-4.4 16.1-.4 38.5 7 67.1-10 23.9-24.9 56-35.4 74.4-20 10.3-47 26.2-51 46.2-3.3 15.8 26 55.2 76.1-31.2 22.4-7.4 46.8-16.5 68.4-20.1 18.9 10.2 41 17 55.8 17 25.5 0 28-28.2 17.5-38.7zm-198.1 77.8c5.1-13.7 24.5-29.5 30.4-35-19 30.3-30.4 35.7-30.4 35zm81.6-190.6c7.4 0 6.7 32.1 1.8 40.8-4.4-13.9-4.3-40.8-1.8-40.8zm-24.4 136.6c9.7-16.9 18-37 24.7-54.7 8.3 15.1 18.9 27.2 30.1 35.5-20.8 4.3-38.9 13.1-54.8 19.2zm131.6-5s-5 6-37.3-7.8c35.1-2.6 40.9 5.4 37.3 7.8z\"><\/path><\/svg>\t\t\t<\/span>\n\t\t\t\t\t\t\t\t\t<span class=\"elementor-button-text\">Fahrtkostenabrechnung<\/span>\n\t\t\t\t\t<\/span>\n\t\t\t\t\t<\/a>\n\t\t\t\t\t\t\t\t<\/div>\n\t\t\t\t<\/div>\n\t\t\t\t<\/div>\n\t\t<div class=\"elementor-element elementor-element-f7ed934 e-con-full e-flex e-con e-child\" data-id=\"f7ed934\" data-element_type=\"container\" data-e-type=\"container\">\n\t\t\t\t<div class=\"elementor-element elementor-element-ab27547 elementor-widget elementor-widget-heading\" data-id=\"ab27547\" data-element_type=\"widget\" data-e-type=\"widget\" data-widget_type=\"heading.default\">\n\t\t\t\t\t<h3 class=\"elementor-heading-title elementor-size-default\">2. Mitgliedschaft<\/h3>\t\t\t\t<\/div>\n\t\t<div class=\"elementor-element elementor-element-4a02226 e-con-full e-flex e-con e-child\" data-id=\"4a02226\" data-element_type=\"container\" data-e-type=\"container\">\n\t\t\t\t<div class=\"elementor-element elementor-element-6f032f6 elementor-widget elementor-widget-button\" data-id=\"6f032f6\" data-element_type=\"widget\" data-e-type=\"widget\" data-widget_type=\"button.default\">\n\t\t\t\t\t\t\t\t\t\t<a class=\"elementor-button elementor-button-link elementor-size-sm\" href=\"https:\/\/www.houseofprojects.de\/wordpress\/wp-content\/uploads\/2025\/12\/Beitrittserklaerung.pdf\" target=\"_blank\" id=\"3\">\n\t\t\t\t\t\t<span class=\"elementor-button-content-wrapper\">\n\t\t\t\t\t\t<span class=\"elementor-button-icon\">\n\t\t\t\t<svg aria-hidden=\"true\" class=\"e-font-icon-svg e-far-file-pdf\" viewBox=\"0 0 384 512\" xmlns=\"http:\/\/www.w3.org\/2000\/svg\"><path d=\"M369.9 97.9L286 14C277 5 264.8-.1 252.1-.1H48C21.5 0 0 21.5 0 48v416c0 26.5 21.5 48 48 48h288c26.5 0 48-21.5 48-48V131.9c0-12.7-5.1-25-14.1-34zM332.1 128H256V51.9l76.1 76.1zM48 464V48h160v104c0 13.3 10.7 24 24 24h104v288H48zm250.2-143.7c-12.2-12-47-8.7-64.4-6.5-17.2-10.5-28.7-25-36.8-46.3 3.9-16.1 10.1-40.6 5.4-56-4.2-26.2-37.8-23.6-42.6-5.9-4.4 16.1-.4 38.5 7 67.1-10 23.9-24.9 56-35.4 74.4-20 10.3-47 26.2-51 46.2-3.3 15.8 26 55.2 76.1-31.2 22.4-7.4 46.8-16.5 68.4-20.1 18.9 10.2 41 17 55.8 17 25.5 0 28-28.2 17.5-38.7zm-198.1 77.8c5.1-13.7 24.5-29.5 30.4-35-19 30.3-30.4 35.7-30.4 35zm81.6-190.6c7.4 0 6.7 32.1 1.8 40.8-4.4-13.9-4.3-40.8-1.8-40.8zm-24.4 136.6c9.7-16.9 18-37 24.7-54.7 8.3 15.1 18.9 27.2 30.1 35.5-20.8 4.3-38.9 13.1-54.8 19.2zm131.6-5s-5 6-37.3-7.8c35.1-2.6 40.9 5.4 37.3 7.8z\"><\/path><\/svg>\t\t\t<\/span>\n\t\t\t\t\t\t\t\t\t<span class=\"elementor-button-text\">Beitrittserkl\u00e4rung<\/span>\n\t\t\t\t\t<\/span>\n\t\t\t\t\t<\/a>\n\t\t\t\t\t\t\t\t<\/div>\n\t\t\t\t<\/div>\n\t\t<div class=\"elementor-element elementor-element-cbd0e1f e-con-full e-flex e-con e-child\" data-id=\"cbd0e1f\" data-element_type=\"container\" data-e-type=\"container\">\n\t\t\t\t<div class=\"elementor-element elementor-element-ca04d08 elementor-widget elementor-widget-button\" data-id=\"ca04d08\" data-element_type=\"widget\" data-e-type=\"widget\" data-widget_type=\"button.default\">\n\t\t\t\t\t\t\t\t\t\t<a class=\"elementor-button elementor-button-link elementor-size-sm\" href=\"#\" target=\"_blank\" id=\"4\">\n\t\t\t\t\t\t<span class=\"elementor-button-content-wrapper\">\n\t\t\t\t\t\t<span class=\"elementor-button-icon\">\n\t\t\t\t<svg aria-hidden=\"true\" class=\"e-font-icon-svg e-far-file-pdf\" viewBox=\"0 0 384 512\" xmlns=\"http:\/\/www.w3.org\/2000\/svg\"><path d=\"M369.9 97.9L286 14C277 5 264.8-.1 252.1-.1H48C21.5 0 0 21.5 0 48v416c0 26.5 21.5 48 48 48h288c26.5 0 48-21.5 48-48V131.9c0-12.7-5.1-25-14.1-34zM332.1 128H256V51.9l76.1 76.1zM48 464V48h160v104c0 13.3 10.7 24 24 24h104v288H48zm250.2-143.7c-12.2-12-47-8.7-64.4-6.5-17.2-10.5-28.7-25-36.8-46.3 3.9-16.1 10.1-40.6 5.4-56-4.2-26.2-37.8-23.6-42.6-5.9-4.4 16.1-.4 38.5 7 67.1-10 23.9-24.9 56-35.4 74.4-20 10.3-47 26.2-51 46.2-3.3 15.8 26 55.2 76.1-31.2 22.4-7.4 46.8-16.5 68.4-20.1 18.9 10.2 41 17 55.8 17 25.5 0 28-28.2 17.5-38.7zm-198.1 77.8c5.1-13.7 24.5-29.5 30.4-35-19 30.3-30.4 35.7-30.4 35zm81.6-190.6c7.4 0 6.7 32.1 1.8 40.8-4.4-13.9-4.3-40.8-1.8-40.8zm-24.4 136.6c9.7-16.9 18-37 24.7-54.7 8.3 15.1 18.9 27.2 30.1 35.5-20.8 4.3-38.9 13.1-54.8 19.2zm131.6-5s-5 6-37.3-7.8c35.1-2.6 40.9 5.4 37.3 7.8z\"><\/path><\/svg>\t\t\t<\/span>\n\t\t\t\t\t\t\t\t\t<span class=\"elementor-button-text\">\u00c4nderung Adresse oder Bankverbindung<\/span>\n\t\t\t\t\t<\/span>\n\t\t\t\t\t<\/a>\n\t\t\t\t\t\t\t\t<\/div>\n\t\t\t\t<div class=\"elementor-element elementor-element-c088089 elementor-widget elementor-widget-text-editor\" data-id=\"c088089\" data-element_type=\"widget\" data-e-type=\"widget\" data-widget_type=\"text-editor.default\">\n\t\t\t\t\t\t\t\t\t<p>(Formular noch nicht verf\u00fcgbar)<\/p>\t\t\t\t\t\t\t\t<\/div>\n\t\t\t\t<\/div>\n\t\t\t\t<\/div>\n\t\t\t\t\t<\/div>\n\t\t\t\t<\/div>\n\t\t\t\t<\/div>\n\t\t","protected":false},"excerpt":{"rendered":"<p>Downloads Hier stehen Vereinsdokumente und Formulare als PDF-Datei zum Download zur Verf\u00fcgung. 1. Vereinsdokumente Beitragssatzung Fahrtkostenabrechnung 2. Mitgliedschaft Beitrittserkl\u00e4rung \u00c4nderung Adresse oder Bankverbindung (Formular noch nicht verf\u00fcgbar)<\/p>\n","protected":false},"author":1,"featured_media":0,"parent":98,"menu_order":3,"comment_status":"closed","ping_status":"closed","template":"page-templates\/template-pagebuilder-full-width.php","meta":{"neve_meta_sidebar":"","neve_meta_container":"","neve_meta_enable_content_width":"","neve_meta_content_width":0,"neve_meta_title_alignment":"","neve_meta_author_avatar":"","neve_post_elements_order":"","neve_meta_disable_header":"","neve_meta_disable_footer":"","neve_meta_disable_title":"","footnotes":""},"class_list":["post-106","page","type-page","status-publish","hentry"],"yoast_head":"<!-- This site is optimized with the Yoast SEO plugin v27.3 - https:\/\/yoast.com\/product\/yoast-seo-wordpress\/ -->\n<title>Satzung &amp; Downloads - SpVgg Patersdorf<\/title>\n<meta name=\"robots\" content=\"index, follow, max-snippet:-1, max-image-preview:large, max-video-preview:-1\" \/>\n<link rel=\"canonical\" href=\"https:\/\/www.houseofprojects.de\/wordpress\/index.php\/verein\/satzung-downloads\/\" \/>\n<meta property=\"og:locale\" content=\"de_DE\" \/>\n<meta property=\"og:type\" content=\"article\" \/>\n<meta property=\"og:title\" content=\"Satzung &amp; Downloads - SpVgg Patersdorf\" \/>\n<meta property=\"og:description\" content=\"Downloads Hier stehen Vereinsdokumente und Formulare als PDF-Datei zum Download zur Verf\u00fcgung. 1. Vereinsdokumente Beitragssatzung Fahrtkostenabrechnung 2. Mitgliedschaft Beitrittserkl\u00e4rung \u00c4nderung Adresse oder Bankverbindung (Formular noch nicht verf\u00fcgbar)\" \/>\n<meta property=\"og:url\" content=\"https:\/\/www.houseofprojects.de\/wordpress\/index.php\/verein\/satzung-downloads\/\" \/>\n<meta property=\"og:site_name\" content=\"SpVgg Patersdorf\" \/>\n<meta property=\"article:publisher\" content=\"https:\/\/www.facebook.com\/spvggpatersdorf\/\" \/>\n<meta property=\"article:modified_time\" content=\"2026-01-28T19:34:47+00:00\" \/>\n<meta name=\"twitter:card\" content=\"summary_large_image\" \/>\n<meta name=\"twitter:label1\" content=\"Gesch\u00e4tzte Lesezeit\" \/>\n\t<meta name=\"twitter:data1\" content=\"1\u00a0Minute\" \/>\n<script type=\"application\/ld+json\" class=\"yoast-schema-graph\">{\"@context\":\"https:\\\/\\\/schema.org\",\"@graph\":[{\"@type\":\"WebPage\",\"@id\":\"https:\\\/\\\/www.houseofprojects.de\\\/wordpress\\\/index.php\\\/verein\\\/satzung-downloads\\\/\",\"url\":\"https:\\\/\\\/www.houseofprojects.de\\\/wordpress\\\/index.php\\\/verein\\\/satzung-downloads\\\/\",\"name\":\"Satzung &amp; Downloads - SpVgg Patersdorf\",\"isPartOf\":{\"@id\":\"https:\\\/\\\/www.houseofprojects.de\\\/wordpress\\\/#website\"},\"datePublished\":\"2025-12-09T10:55:01+00:00\",\"dateModified\":\"2026-01-28T19:34:47+00:00\",\"breadcrumb\":{\"@id\":\"https:\\\/\\\/www.houseofprojects.de\\\/wordpress\\\/index.php\\\/verein\\\/satzung-downloads\\\/#breadcrumb\"},\"inLanguage\":\"de\",\"potentialAction\":[{\"@type\":\"ReadAction\",\"target\":[\"https:\\\/\\\/www.houseofprojects.de\\\/wordpress\\\/index.php\\\/verein\\\/satzung-downloads\\\/\"]}]},{\"@type\":\"BreadcrumbList\",\"@id\":\"https:\\\/\\\/www.houseofprojects.de\\\/wordpress\\\/index.php\\\/verein\\\/satzung-downloads\\\/#breadcrumb\",\"itemListElement\":[{\"@type\":\"ListItem\",\"position\":1,\"name\":\"Startseite\",\"item\":\"https:\\\/\\\/www.houseofprojects.de\\\/wordpress\\\/\"},{\"@type\":\"ListItem\",\"position\":2,\"name\":\"Verein\",\"item\":\"https:\\\/\\\/www.houseofprojects.de\\\/wordpress\\\/index.php\\\/verein\\\/\"},{\"@type\":\"ListItem\",\"position\":3,\"name\":\"Satzung &amp; Downloads\"}]},{\"@type\":\"WebSite\",\"@id\":\"https:\\\/\\\/www.houseofprojects.de\\\/wordpress\\\/#website\",\"url\":\"https:\\\/\\\/www.houseofprojects.de\\\/wordpress\\\/\",\"name\":\"SpVgg Patersdorf\",\"description\":\"Freundschaft. Zusammenhalt. Akzeptanz der Jugend. \",\"publisher\":{\"@id\":\"https:\\\/\\\/www.houseofprojects.de\\\/wordpress\\\/#organization\"},\"potentialAction\":[{\"@type\":\"SearchAction\",\"target\":{\"@type\":\"EntryPoint\",\"urlTemplate\":\"https:\\\/\\\/www.houseofprojects.de\\\/wordpress\\\/?s={search_term_string}\"},\"query-input\":{\"@type\":\"PropertyValueSpecification\",\"valueRequired\":true,\"valueName\":\"search_term_string\"}}],\"inLanguage\":\"de\"},{\"@type\":\"Organization\",\"@id\":\"https:\\\/\\\/www.houseofprojects.de\\\/wordpress\\\/#organization\",\"name\":\"SpVgg Patersdorf\",\"url\":\"https:\\\/\\\/www.houseofprojects.de\\\/wordpress\\\/\",\"logo\":{\"@type\":\"ImageObject\",\"inLanguage\":\"de\",\"@id\":\"https:\\\/\\\/www.houseofprojects.de\\\/wordpress\\\/#\\\/schema\\\/logo\\\/image\\\/\",\"url\":\"https:\\\/\\\/www.houseofprojects.de\\\/wordpress\\\/wp-content\\\/uploads\\\/2025\\\/11\\\/Logo_rot_ball_schwarz_transparent-3.png\",\"contentUrl\":\"https:\\\/\\\/www.houseofprojects.de\\\/wordpress\\\/wp-content\\\/uploads\\\/2025\\\/11\\\/Logo_rot_ball_schwarz_transparent-3.png\",\"width\":1200,\"height\":1600,\"caption\":\"SpVgg Patersdorf\"},\"image\":{\"@id\":\"https:\\\/\\\/www.houseofprojects.de\\\/wordpress\\\/#\\\/schema\\\/logo\\\/image\\\/\"},\"sameAs\":[\"https:\\\/\\\/www.facebook.com\\\/spvggpatersdorf\\\/\",\"https:\\\/\\\/www.instagram.com\\\/spvggpatersdorf\\\/\"]}]}<\/script>\n<!-- \/ Yoast SEO plugin. -->","yoast_head_json":{"title":"Satzung &amp; Downloads - SpVgg Patersdorf","robots":{"index":"index","follow":"follow","max-snippet":"max-snippet:-1","max-image-preview":"max-image-preview:large","max-video-preview":"max-video-preview:-1"},"canonical":"https:\/\/www.houseofprojects.de\/wordpress\/index.php\/verein\/satzung-downloads\/","og_locale":"de_DE","og_type":"article","og_title":"Satzung &amp; Downloads - SpVgg Patersdorf","og_description":"Downloads Hier stehen Vereinsdokumente und Formulare als PDF-Datei zum Download zur Verf\u00fcgung. 1. Vereinsdokumente Beitragssatzung Fahrtkostenabrechnung 2. Mitgliedschaft Beitrittserkl\u00e4rung \u00c4nderung Adresse oder Bankverbindung (Formular noch nicht verf\u00fcgbar)","og_url":"https:\/\/www.houseofprojects.de\/wordpress\/index.php\/verein\/satzung-downloads\/","og_site_name":"SpVgg Patersdorf","article_publisher":"https:\/\/www.facebook.com\/spvggpatersdorf\/","article_modified_time":"2026-01-28T19:34:47+00:00","twitter_card":"summary_large_image","twitter_misc":{"Gesch\u00e4tzte Lesezeit":"1\u00a0Minute"},"schema":{"@context":"https:\/\/schema.org","@graph":[{"@type":"WebPage","@id":"https:\/\/www.houseofprojects.de\/wordpress\/index.php\/verein\/satzung-downloads\/","url":"https:\/\/www.houseofprojects.de\/wordpress\/index.php\/verein\/satzung-downloads\/","name":"Satzung &amp; Downloads - SpVgg Patersdorf","isPartOf":{"@id":"https:\/\/www.houseofprojects.de\/wordpress\/#website"},"datePublished":"2025-12-09T10:55:01+00:00","dateModified":"2026-01-28T19:34:47+00:00","breadcrumb":{"@id":"https:\/\/www.houseofprojects.de\/wordpress\/index.php\/verein\/satzung-downloads\/#breadcrumb"},"inLanguage":"de","potentialAction":[{"@type":"ReadAction","target":["https:\/\/www.houseofprojects.de\/wordpress\/index.php\/verein\/satzung-downloads\/"]}]},{"@type":"BreadcrumbList","@id":"https:\/\/www.houseofprojects.de\/wordpress\/index.php\/verein\/satzung-downloads\/#breadcrumb","itemListElement":[{"@type":"ListItem","position":1,"name":"Startseite","item":"https:\/\/www.houseofprojects.de\/wordpress\/"},{"@type":"ListItem","position":2,"name":"Verein","item":"https:\/\/www.houseofprojects.de\/wordpress\/index.php\/verein\/"},{"@type":"ListItem","position":3,"name":"Satzung &amp; Downloads"}]},{"@type":"WebSite","@id":"https:\/\/www.houseofprojects.de\/wordpress\/#website","url":"https:\/\/www.houseofprojects.de\/wordpress\/","name":"SpVgg Patersdorf","description":"Freundschaft. Zusammenhalt. Akzeptanz der Jugend. ","publisher":{"@id":"https:\/\/www.houseofprojects.de\/wordpress\/#organization"},"potentialAction":[{"@type":"SearchAction","target":{"@type":"EntryPoint","urlTemplate":"https:\/\/www.houseofprojects.de\/wordpress\/?s={search_term_string}"},"query-input":{"@type":"PropertyValueSpecification","valueRequired":true,"valueName":"search_term_string"}}],"inLanguage":"de"},{"@type":"Organization","@id":"https:\/\/www.houseofprojects.de\/wordpress\/#organization","name":"SpVgg Patersdorf","url":"https:\/\/www.houseofprojects.de\/wordpress\/","logo":{"@type":"ImageObject","inLanguage":"de","@id":"https:\/\/www.houseofprojects.de\/wordpress\/#\/schema\/logo\/image\/","url":"https:\/\/www.houseofprojects.de\/wordpress\/wp-content\/uploads\/2025\/11\/Logo_rot_ball_schwarz_transparent-3.png","contentUrl":"https:\/\/www.houseofprojects.de\/wordpress\/wp-content\/uploads\/2025\/11\/Logo_rot_ball_schwarz_transparent-3.png","width":1200,"height":1600,"caption":"SpVgg Patersdorf"},"image":{"@id":"https:\/\/www.houseofprojects.de\/wordpress\/#\/schema\/logo\/image\/"},"sameAs":["https:\/\/www.facebook.com\/spvggpatersdorf\/","https:\/\/www.instagram.com\/spvggpatersdorf\/"]}]}},"_links":{"self":[{"href":"https:\/\/www.houseofprojects.de\/wordpress\/index.php\/wp-json\/wp\/v2\/pages\/106","targetHints":{"allow":["GET"]}}],"collection":[{"href":"https:\/\/www.houseofprojects.de\/wordpress\/index.php\/wp-json\/wp\/v2\/pages"}],"about":[{"href":"https:\/\/www.houseofprojects.de\/wordpress\/index.php\/wp-json\/wp\/v2\/types\/page"}],"author":[{"embeddable":true,"href":"https:\/\/www.houseofprojects.de\/wordpress\/index.php\/wp-json\/wp\/v2\/users\/1"}],"replies":[{"embeddable":true,"href":"https:\/\/www.houseofprojects.de\/wordpress\/index.php\/wp-json\/wp\/v2\/comments?post=106"}],"version-history":[{"count":19,"href":"https:\/\/www.houseofprojects.de\/wordpress\/index.php\/wp-json\/wp\/v2\/pages\/106\/revisions"}],"predecessor-version":[{"id":980,"href":"https:\/\/www.houseofprojects.de\/wordpress\/index.php\/wp-json\/wp\/v2\/pages\/106\/revisions\/980"}],"up":[{"embeddable":true,"href":"https:\/\/www.houseofprojects.de\/wordpress\/index.php\/wp-json\/wp\/v2\/pages\/98"}],"wp:attachment":[{"href":"https:\/\/www.houseofprojects.de\/wordpress\/index.php\/wp-json\/wp\/v2\/media?parent=106"}],"curies":[{"name":"wp","href":"https:\/\/api.w.org\/{rel}","templated":true}]}}